{"id":1490,"date":"2022-03-22T21:34:26","date_gmt":"2022-03-22T21:34:26","guid":{"rendered":"https:\/\/chiloe.digital\/aspal\/?page_id=1490"},"modified":"2022-03-23T22:56:06","modified_gmt":"2022-03-23T22:56:06","slug":"construccion-sucursal-digital-itau","status":"publish","type":"page","link":"https:\/\/chiloe.digital\/aspal\/construccion-sucursal-digital-itau\/","title":{"rendered":"Construcci\u00f3n SUCURSAL DIGITAL ITA\u00da"},"content":{"rendered":"\n<h3>Construcci\u00f3n<br>\n<strong>SUCURSAL DIGITAL ITA\u00da<\/strong><\/h3>\n\t\t\t<img decoding=\"async\" loading=\"false\" src=\"https:\/\/chiloe.digital\/aspal\/wp-content\/uploads\/sites\/8\/2022\/03\/11.jpg\" alt=\"\">\t\t\t\n\t\t\t<img decoding=\"async\" loading=\"false\" src=\"https:\/\/chiloe.digital\/aspal\/wp-content\/uploads\/sites\/8\/2022\/03\/12.jpg\" alt=\"\">\t\t\t\n\t\t<h3>Detalle de Obra<\/h3>\t\t\n\t\t\t<strong>Dise\u00f1o arquitect\u00f3nico y construcci\u00f3n<\/strong> de la segunda etapa de la sucursal<br>\ndigital del Banco Ita\u00fa en Chile.\n<p>Emplazado en el subterr\u00e1neo del edificio corporativo del banco, este proyecto se desarroll\u00f3 en una <strong>planta libre de 300 m2.<\/strong> Adem\u00e1s de tener que ejecutarse en un plazo de 45 d\u00edas, el principal desaf\u00edo consisti\u00f3 en tener especial cuidado en la coordinaci\u00f3n de las especialidades, tales como climatizaci\u00f3n, sistema de detecci\u00f3n y extinci\u00f3n de Incendios; e instalaciones sanitarias, el\u00e9ctricas y de corrientes d\u00e9biles.<\/p>\n<strong>Otras obras:<\/strong> terminaci\u00f3n de pisos alfombra mezclados con cer\u00e1mica y<br>\ncombinar cielo duro y curvo con terminaciones Hunter Douglas. Iluminaci\u00f3n LED y mobiliario\n\t<h4><strong>MANDANTE<\/strong><br>\nBanco Ita\u00fa<br>\n<strong>SUPERFICIE<\/strong><br>\n300 m2<br>\n<strong>DIRECCI\u00d3N<\/strong><br>\nLas Condes, Santiago.<\/h4>\n","protected":false},"excerpt":{"rendered":"<p>Construcci\u00f3n SUCURSAL DIGITAL ITA\u00da Detalle de Obra Dise\u00f1o arquitect\u00f3nico y construcci\u00f3n de la segunda etapa de la sucursal digital del Banco Ita\u00fa en Chile. Emplazado en el subterr\u00e1neo del edificio corporativo del banco, este proyecto se desarroll\u00f3 en una planta libre de 300 m2. Adem\u00e1s de tener que ejecutarse en un plazo de 45 d\u00edas, [&hellip;]<\/p>\n","protected":false},"author":1,"featured_media":1375,"parent":0,"menu_order":0,"comment_status":"closed","ping_status":"closed","template":"","meta":{"om_disable_all_campaigns":false,"_mi_skip_tracking":false,"site-sidebar-layout":"default","site-content-layout":"page-builder","ast-site-content-layout":"default","site-content-style":"default","site-sidebar-style":"default","ast-global-header-display":"","ast-banner-title-visibility":"","ast-main-header-display":"","ast-hfb-above-header-display":"","ast-hfb-below-header-display":"","ast-hfb-mobile-header-display":"","site-post-title":"disabled","ast-breadcrumbs-content":"","ast-featured-img":"disabled","footer-sml-layout":"","ast-disable-related-posts":"","theme-transparent-header-meta":"","adv-header-id-meta":"","stick-header-meta":"","header-above-stick-meta":"","header-main-stick-meta":"","header-below-stick-meta":"","astra-migrate-meta-layouts":"default","ast-page-background-enabled":"default","ast-page-background-meta":{"desktop":{"background-color":"","background-image":"","background-repeat":"repeat","background-position":"center center","background-size":"auto","background-attachment":"scroll","background-type":"","background-media":"","overlay-type":"","overlay-color":"","overlay-opacity":"","overlay-gradient":""},"tablet":{"background-color":"","background-image":"","background-repeat":"repeat","background-position":"center center","background-size":"auto","background-attachment":"scroll","background-type":"","background-media":"","overlay-type":"","overlay-color":"","overlay-opacity":"","overlay-gradient":""},"mobile":{"background-color":"","background-image":"","background-repeat":"repeat","background-position":"center center","background-size":"auto","background-attachment":"scroll","background-type":"","background-media":"","overlay-type":"","overlay-color":"","overlay-opacity":"","overlay-gradient":""}},"ast-content-background-meta":{"desktop":{"background-color":"var(--ast-global-color-5)","background-image":"","background-repeat":"repeat","background-position":"center center","background-size":"auto","background-attachment":"scroll","background-type":"","background-media":"","overlay-type":"","overlay-color":"","overlay-opacity":"","overlay-gradient":""},"tablet":{"background-color":"var(--ast-global-color-5)","background-image":"","background-repeat":"repeat","background-position":"center center","background-size":"auto","background-attachment":"scroll","background-type":"","background-media":"","overlay-type":"","overlay-color":"","overlay-opacity":"","overlay-gradient":""},"mobile":{"background-color":"var(--ast-global-color-5)","background-image":"","background-repeat":"repeat","background-position":"center center","background-size":"auto","background-attachment":"scroll","background-type":"","background-media":"","overlay-type":"","overlay-color":"","overlay-opacity":"","overlay-gradient":""}},"footnotes":""},"class_list":["post-1490","page","type-page","status-publish","has-post-thumbnail","hentry"],"yoast_head":"<!-- This site is optimized with the Yoast SEO plugin v27.0 - https:\/\/yoast.com\/product\/yoast-seo-wordpress\/ -->\n<title>Construcci\u00f3n SUCURSAL DIGITAL ITA\u00da - Constructora ASPAL<\/title>\n<meta name=\"robots\" content=\"index, follow, max-snippet:-1, max-image-preview:large, max-video-preview:-1\" \/>\n<link rel=\"canonical\" href=\"https:\/\/chiloe.digital\/aspal\/construccion-sucursal-digital-itau\/\" \/>\n<meta property=\"og:locale\" content=\"es_ES\" \/>\n<meta property=\"og:type\" content=\"article\" \/>\n<meta property=\"og:title\" content=\"Construcci\u00f3n SUCURSAL DIGITAL ITA\u00da - Constructora ASPAL\" \/>\n<meta property=\"og:description\" content=\"Construcci\u00f3n SUCURSAL DIGITAL ITA\u00da Detalle de Obra Dise\u00f1o arquitect\u00f3nico y construcci\u00f3n de la segunda etapa de la sucursal digital del Banco Ita\u00fa en Chile. Emplazado en el subterr\u00e1neo del edificio corporativo del banco, este proyecto se desarroll\u00f3 en una planta libre de 300 m2. Adem\u00e1s de tener que ejecutarse en un plazo de 45 d\u00edas, [&hellip;]\" \/>\n<meta property=\"og:url\" content=\"https:\/\/chiloe.digital\/aspal\/construccion-sucursal-digital-itau\/\" \/>\n<meta property=\"og:site_name\" content=\"Constructora ASPAL\" \/>\n<meta property=\"article:modified_time\" content=\"2022-03-23T22:56:06+00:00\" \/>\n<meta property=\"og:image\" content=\"https:\/\/chiloe.digital\/aspal\/wp-content\/uploads\/sites\/8\/2022\/03\/11.jpg\" \/>\n\t<meta property=\"og:image:width\" content=\"1300\" \/>\n\t<meta property=\"og:image:height\" content=\"782\" \/>\n\t<meta property=\"og:image:type\" content=\"image\/jpeg\" \/>\n<meta name=\"twitter:card\" content=\"summary_large_image\" \/>\n<meta name=\"twitter:label1\" content=\"Tiempo de lectura\" \/>\n\t<meta name=\"twitter:data1\" content=\"1 minuto\" \/>\n<script type=\"application\/ld+json\" class=\"yoast-schema-graph\">{\"@context\":\"https:\/\/schema.org\",\"@graph\":[{\"@type\":\"WebPage\",\"@id\":\"https:\/\/chiloe.digital\/aspal\/construccion-sucursal-digital-itau\/\",\"url\":\"https:\/\/chiloe.digital\/aspal\/construccion-sucursal-digital-itau\/\",\"name\":\"Construcci\u00f3n SUCURSAL DIGITAL ITA\u00da - Constructora ASPAL\",\"isPartOf\":{\"@id\":\"https:\/\/chiloe.digital\/aspal\/#website\"},\"primaryImageOfPage\":{\"@id\":\"https:\/\/chiloe.digital\/aspal\/construccion-sucursal-digital-itau\/#primaryimage\"},\"image\":{\"@id\":\"https:\/\/chiloe.digital\/aspal\/construccion-sucursal-digital-itau\/#primaryimage\"},\"thumbnailUrl\":\"https:\/\/chiloe.digital\/aspal\/wp-content\/uploads\/sites\/8\/2022\/03\/11.jpg\",\"datePublished\":\"2022-03-22T21:34:26+00:00\",\"dateModified\":\"2022-03-23T22:56:06+00:00\",\"breadcrumb\":{\"@id\":\"https:\/\/chiloe.digital\/aspal\/construccion-sucursal-digital-itau\/#breadcrumb\"},\"inLanguage\":\"es\",\"potentialAction\":[{\"@type\":\"ReadAction\",\"target\":[\"https:\/\/chiloe.digital\/aspal\/construccion-sucursal-digital-itau\/\"]}]},{\"@type\":\"ImageObject\",\"inLanguage\":\"es\",\"@id\":\"https:\/\/chiloe.digital\/aspal\/construccion-sucursal-digital-itau\/#primaryimage\",\"url\":\"https:\/\/chiloe.digital\/aspal\/wp-content\/uploads\/sites\/8\/2022\/03\/11.jpg\",\"contentUrl\":\"https:\/\/chiloe.digital\/aspal\/wp-content\/uploads\/sites\/8\/2022\/03\/11.jpg\",\"width\":1300,\"height\":782},{\"@type\":\"BreadcrumbList\",\"@id\":\"https:\/\/chiloe.digital\/aspal\/construccion-sucursal-digital-itau\/#breadcrumb\",\"itemListElement\":[{\"@type\":\"ListItem\",\"position\":1,\"name\":\"Portada\",\"item\":\"https:\/\/chiloe.digital\/aspal\/\"},{\"@type\":\"ListItem\",\"position\":2,\"name\":\"Construcci\u00f3n SUCURSAL DIGITAL ITA\u00da\"}]},{\"@type\":\"WebSite\",\"@id\":\"https:\/\/chiloe.digital\/aspal\/#website\",\"url\":\"https:\/\/chiloe.digital\/aspal\/\",\"name\":\"Constructora ASPAL\",\"description\":\"Materializamos tus Sue\u00f1os.\",\"publisher\":{\"@id\":\"https:\/\/chiloe.digital\/aspal\/#organization\"},\"potentialAction\":[{\"@type\":\"SearchAction\",\"target\":{\"@type\":\"EntryPoint\",\"urlTemplate\":\"https:\/\/chiloe.digital\/aspal\/?s={search_term_string}\"},\"query-input\":{\"@type\":\"PropertyValueSpecification\",\"valueRequired\":true,\"valueName\":\"search_term_string\"}}],\"inLanguage\":\"es\"},{\"@type\":\"Organization\",\"@id\":\"https:\/\/chiloe.digital\/aspal\/#organization\",\"name\":\"Constructora ASPAL\",\"url\":\"https:\/\/chiloe.digital\/aspal\/\",\"logo\":{\"@type\":\"ImageObject\",\"inLanguage\":\"es\",\"@id\":\"https:\/\/chiloe.digital\/aspal\/#\/schema\/logo\/image\/\",\"url\":\"https:\/\/chiloe.digital\/aspal\/wp-content\/uploads\/sites\/8\/2022\/03\/cropped-cropped-aspal2.png\",\"contentUrl\":\"https:\/\/chiloe.digital\/aspal\/wp-content\/uploads\/sites\/8\/2022\/03\/cropped-cropped-aspal2.png\",\"width\":1017,\"height\":875,\"caption\":\"Constructora ASPAL\"},\"image\":{\"@id\":\"https:\/\/chiloe.digital\/aspal\/#\/schema\/logo\/image\/\"}}]}<\/script>\n<!-- \/ Yoast SEO plugin. -->","yoast_head_json":{"title":"Construcci\u00f3n SUCURSAL DIGITAL ITA\u00da - Constructora ASPAL","robots":{"index":"index","follow":"follow","max-snippet":"max-snippet:-1","max-image-preview":"max-image-preview:large","max-video-preview":"max-video-preview:-1"},"canonical":"https:\/\/chiloe.digital\/aspal\/construccion-sucursal-digital-itau\/","og_locale":"es_ES","og_type":"article","og_title":"Construcci\u00f3n SUCURSAL DIGITAL ITA\u00da - Constructora ASPAL","og_description":"Construcci\u00f3n SUCURSAL DIGITAL ITA\u00da Detalle de Obra Dise\u00f1o arquitect\u00f3nico y construcci\u00f3n de la segunda etapa de la sucursal digital del Banco Ita\u00fa en Chile. Emplazado en el subterr\u00e1neo del edificio corporativo del banco, este proyecto se desarroll\u00f3 en una planta libre de 300 m2. Adem\u00e1s de tener que ejecutarse en un plazo de 45 d\u00edas, [&hellip;]","og_url":"https:\/\/chiloe.digital\/aspal\/construccion-sucursal-digital-itau\/","og_site_name":"Constructora ASPAL","article_modified_time":"2022-03-23T22:56:06+00:00","og_image":[{"width":1300,"height":782,"url":"https:\/\/chiloe.digital\/aspal\/wp-content\/uploads\/sites\/8\/2022\/03\/11.jpg","type":"image\/jpeg"}],"twitter_card":"summary_large_image","twitter_misc":{"Tiempo de lectura":"1 minuto"},"schema":{"@context":"https:\/\/schema.org","@graph":[{"@type":"WebPage","@id":"https:\/\/chiloe.digital\/aspal\/construccion-sucursal-digital-itau\/","url":"https:\/\/chiloe.digital\/aspal\/construccion-sucursal-digital-itau\/","name":"Construcci\u00f3n SUCURSAL DIGITAL ITA\u00da - Constructora ASPAL","isPartOf":{"@id":"https:\/\/chiloe.digital\/aspal\/#website"},"primaryImageOfPage":{"@id":"https:\/\/chiloe.digital\/aspal\/construccion-sucursal-digital-itau\/#primaryimage"},"image":{"@id":"https:\/\/chiloe.digital\/aspal\/construccion-sucursal-digital-itau\/#primaryimage"},"thumbnailUrl":"https:\/\/chiloe.digital\/aspal\/wp-content\/uploads\/sites\/8\/2022\/03\/11.jpg","datePublished":"2022-03-22T21:34:26+00:00","dateModified":"2022-03-23T22:56:06+00:00","breadcrumb":{"@id":"https:\/\/chiloe.digital\/aspal\/construccion-sucursal-digital-itau\/#breadcrumb"},"inLanguage":"es","potentialAction":[{"@type":"ReadAction","target":["https:\/\/chiloe.digital\/aspal\/construccion-sucursal-digital-itau\/"]}]},{"@type":"ImageObject","inLanguage":"es","@id":"https:\/\/chiloe.digital\/aspal\/construccion-sucursal-digital-itau\/#primaryimage","url":"https:\/\/chiloe.digital\/aspal\/wp-content\/uploads\/sites\/8\/2022\/03\/11.jpg","contentUrl":"https:\/\/chiloe.digital\/aspal\/wp-content\/uploads\/sites\/8\/2022\/03\/11.jpg","width":1300,"height":782},{"@type":"BreadcrumbList","@id":"https:\/\/chiloe.digital\/aspal\/construccion-sucursal-digital-itau\/#breadcrumb","itemListElement":[{"@type":"ListItem","position":1,"name":"Portada","item":"https:\/\/chiloe.digital\/aspal\/"},{"@type":"ListItem","position":2,"name":"Construcci\u00f3n SUCURSAL DIGITAL ITA\u00da"}]},{"@type":"WebSite","@id":"https:\/\/chiloe.digital\/aspal\/#website","url":"https:\/\/chiloe.digital\/aspal\/","name":"Constructora ASPAL","description":"Materializamos tus Sue\u00f1os.","publisher":{"@id":"https:\/\/chiloe.digital\/aspal\/#organization"},"potentialAction":[{"@type":"SearchAction","target":{"@type":"EntryPoint","urlTemplate":"https:\/\/chiloe.digital\/aspal\/?s={search_term_string}"},"query-input":{"@type":"PropertyValueSpecification","valueRequired":true,"valueName":"search_term_string"}}],"inLanguage":"es"},{"@type":"Organization","@id":"https:\/\/chiloe.digital\/aspal\/#organization","name":"Constructora ASPAL","url":"https:\/\/chiloe.digital\/aspal\/","logo":{"@type":"ImageObject","inLanguage":"es","@id":"https:\/\/chiloe.digital\/aspal\/#\/schema\/logo\/image\/","url":"https:\/\/chiloe.digital\/aspal\/wp-content\/uploads\/sites\/8\/2022\/03\/cropped-cropped-aspal2.png","contentUrl":"https:\/\/chiloe.digital\/aspal\/wp-content\/uploads\/sites\/8\/2022\/03\/cropped-cropped-aspal2.png","width":1017,"height":875,"caption":"Constructora ASPAL"},"image":{"@id":"https:\/\/chiloe.digital\/aspal\/#\/schema\/logo\/image\/"}}]}},"_links":{"self":[{"href":"https:\/\/chiloe.digital\/aspal\/wp-json\/wp\/v2\/pages\/1490","targetHints":{"allow":["GET"]}}],"collection":[{"href":"https:\/\/chiloe.digital\/aspal\/wp-json\/wp\/v2\/pages"}],"about":[{"href":"https:\/\/chiloe.digital\/aspal\/wp-json\/wp\/v2\/types\/page"}],"author":[{"embeddable":true,"href":"https:\/\/chiloe.digital\/aspal\/wp-json\/wp\/v2\/users\/1"}],"replies":[{"embeddable":true,"href":"https:\/\/chiloe.digital\/aspal\/wp-json\/wp\/v2\/comments?post=1490"}],"version-history":[{"count":3,"href":"https:\/\/chiloe.digital\/aspal\/wp-json\/wp\/v2\/pages\/1490\/revisions"}],"predecessor-version":[{"id":1566,"href":"https:\/\/chiloe.digital\/aspal\/wp-json\/wp\/v2\/pages\/1490\/revisions\/1566"}],"wp:featuredmedia":[{"embeddable":true,"href":"https:\/\/chiloe.digital\/aspal\/wp-json\/wp\/v2\/media\/1375"}],"wp:attachment":[{"href":"https:\/\/chiloe.digital\/aspal\/wp-json\/wp\/v2\/media?parent=1490"}],"curies":[{"name":"wp","href":"https:\/\/api.w.org\/{rel}","templated":true}]}}