{"id":1527,"date":"2022-03-22T22:58:18","date_gmt":"2022-03-22T22:58:18","guid":{"rendered":"https:\/\/chiloe.digital\/aspal\/?page_id=1527"},"modified":"2022-03-23T22:57:31","modified_gmt":"2022-03-23T22:57:31","slug":"habilitacion-oficinas","status":"publish","type":"page","link":"https:\/\/chiloe.digital\/aspal\/habilitacion-oficinas\/","title":{"rendered":"Habilitaci\u00f3n OFICINAS"},"content":{"rendered":"\n<h3>Habilitaci\u00f3n<br>\n<strong>OFICINAS<\/strong><\/h3>\n\t\t\t<img decoding=\"async\" loading=\"false\" src=\"https:\/\/chiloe.digital\/aspal\/wp-content\/uploads\/sites\/8\/2022\/03\/40.jpg\" alt=\"\">\t\t\t\n\t\t\t<img decoding=\"async\" loading=\"false\" src=\"https:\/\/chiloe.digital\/aspal\/wp-content\/uploads\/sites\/8\/2022\/03\/41.jpg\" alt=\"\">\t\t\t\n\t\t\t<img decoding=\"async\" loading=\"false\" src=\"https:\/\/chiloe.digital\/aspal\/wp-content\/uploads\/sites\/8\/2022\/03\/42.jpg\" alt=\"\">\t\t\t\n\t\t<h3>Detalle de Obra<\/h3>\t\t\n\t\t\t<p><strong>Remodelaci\u00f3n de un espacio libre<\/strong> para habilitaci\u00f3n de sala de entrenamiento con una cubierta como terraza. Adem\u00e1s, un \u00e1rea para marketing.<\/p>\n<p>Cubierta en estructura de acero con terminaci\u00f3n superior en losa colaborante de hormig\u00f3n y estructura secundaria para toldos en perfiler\u00eda met\u00e1lica liviana.<\/p>\n<strong>Pavimento interior<\/strong> en piso flotante y exterior en cer\u00e1micas de dos<br>\ntonalidades. <strong>Puertas y tabiquer\u00eda<\/strong> en aluminio electropintado blanco con cristal termopanel.\n<p>La oficina de marketing con un cielo raso en placas de madera terciada con terminaci\u00f3n barniz.<\/p>\n\n\t<h4><strong>MANDANTE<\/strong><br>\nTranstecnia<br>\n<strong>SUPERFICIE<\/strong><br>\n100 m2<br>\n<strong>DIRECCI\u00d3N<\/strong><br>\nAdriana Undurraga 220, Santiago.<\/h4>\n","protected":false},"excerpt":{"rendered":"<p>Habilitaci\u00f3n OFICINAS Detalle de Obra Remodelaci\u00f3n de un espacio libre para habilitaci\u00f3n de sala de entrenamiento con una cubierta como terraza. Adem\u00e1s, un \u00e1rea para marketing. Cubierta en estructura de acero con terminaci\u00f3n superior en losa colaborante de hormig\u00f3n y estructura secundaria para toldos en perfiler\u00eda met\u00e1lica liviana. Pavimento interior en piso flotante y exterior [&hellip;]<\/p>\n","protected":false},"author":1,"featured_media":1352,"parent":0,"menu_order":0,"comment_status":"closed","ping_status":"closed","template":"","meta":{"om_disable_all_campaigns":false,"_mi_skip_tracking":false,"site-sidebar-layout":"default","site-content-layout":"page-builder","ast-site-content-layout":"default","site-content-style":"default","site-sidebar-style":"default","ast-global-header-display":"","ast-banner-title-visibility":"","ast-main-header-display":"","ast-hfb-above-header-display":"","ast-hfb-below-header-display":"","ast-hfb-mobile-header-display":"","site-post-title":"disabled","ast-breadcrumbs-content":"","ast-featured-img":"disabled","footer-sml-layout":"","ast-disable-related-posts":"","theme-transparent-header-meta":"","adv-header-id-meta":"","stick-header-meta":"","header-above-stick-meta":"","header-main-stick-meta":"","header-below-stick-meta":"","astra-migrate-meta-layouts":"default","ast-page-background-enabled":"default","ast-page-background-meta":{"desktop":{"background-color":"","background-image":"","background-repeat":"repeat","background-position":"center center","background-size":"auto","background-attachment":"scroll","background-type":"","background-media":"","overlay-type":"","overlay-color":"","overlay-opacity":"","overlay-gradient":""},"tablet":{"background-color":"","background-image":"","background-repeat":"repeat","background-position":"center center","background-size":"auto","background-attachment":"scroll","background-type":"","background-media":"","overlay-type":"","overlay-color":"","overlay-opacity":"","overlay-gradient":""},"mobile":{"background-color":"","background-image":"","background-repeat":"repeat","background-position":"center center","background-size":"auto","background-attachment":"scroll","background-type":"","background-media":"","overlay-type":"","overlay-color":"","overlay-opacity":"","overlay-gradient":""}},"ast-content-background-meta":{"desktop":{"background-color":"var(--ast-global-color-5)","background-image":"","background-repeat":"repeat","background-position":"center center","background-size":"auto","background-attachment":"scroll","background-type":"","background-media":"","overlay-type":"","overlay-color":"","overlay-opacity":"","overlay-gradient":""},"tablet":{"background-color":"var(--ast-global-color-5)","background-image":"","background-repeat":"repeat","background-position":"center center","background-size":"auto","background-attachment":"scroll","background-type":"","background-media":"","overlay-type":"","overlay-color":"","overlay-opacity":"","overlay-gradient":""},"mobile":{"background-color":"var(--ast-global-color-5)","background-image":"","background-repeat":"repeat","background-position":"center center","background-size":"auto","background-attachment":"scroll","background-type":"","background-media":"","overlay-type":"","overlay-color":"","overlay-opacity":"","overlay-gradient":""}},"footnotes":""},"class_list":["post-1527","page","type-page","status-publish","has-post-thumbnail","hentry"],"yoast_head":"<!-- This site is optimized with the Yoast SEO plugin v27.0 - https:\/\/yoast.com\/product\/yoast-seo-wordpress\/ -->\n<title>Habilitaci\u00f3n OFICINAS - Constructora ASPAL<\/title>\n<meta name=\"robots\" content=\"index, follow, max-snippet:-1, max-image-preview:large, max-video-preview:-1\" \/>\n<link rel=\"canonical\" href=\"https:\/\/chiloe.digital\/aspal\/habilitacion-oficinas\/\" \/>\n<meta property=\"og:locale\" content=\"es_ES\" \/>\n<meta property=\"og:type\" content=\"article\" \/>\n<meta property=\"og:title\" content=\"Habilitaci\u00f3n OFICINAS - Constructora ASPAL\" \/>\n<meta property=\"og:description\" content=\"Habilitaci\u00f3n OFICINAS Detalle de Obra Remodelaci\u00f3n de un espacio libre para habilitaci\u00f3n de sala de entrenamiento con una cubierta como terraza. Adem\u00e1s, un \u00e1rea para marketing. Cubierta en estructura de acero con terminaci\u00f3n superior en losa colaborante de hormig\u00f3n y estructura secundaria para toldos en perfiler\u00eda met\u00e1lica liviana. Pavimento interior en piso flotante y exterior [&hellip;]\" \/>\n<meta property=\"og:url\" content=\"https:\/\/chiloe.digital\/aspal\/habilitacion-oficinas\/\" \/>\n<meta property=\"og:site_name\" content=\"Constructora ASPAL\" \/>\n<meta property=\"article:modified_time\" content=\"2022-03-23T22:57:31+00:00\" \/>\n<meta property=\"og:image\" content=\"https:\/\/chiloe.digital\/aspal\/wp-content\/uploads\/sites\/8\/2022\/03\/34.jpg\" \/>\n\t<meta property=\"og:image:width\" content=\"822\" \/>\n\t<meta property=\"og:image:height\" content=\"494\" \/>\n\t<meta property=\"og:image:type\" content=\"image\/jpeg\" \/>\n<meta name=\"twitter:card\" content=\"summary_large_image\" \/>\n<meta name=\"twitter:label1\" content=\"Tiempo de lectura\" \/>\n\t<meta name=\"twitter:data1\" content=\"1 minuto\" \/>\n<script type=\"application\/ld+json\" class=\"yoast-schema-graph\">{\"@context\":\"https:\/\/schema.org\",\"@graph\":[{\"@type\":\"WebPage\",\"@id\":\"https:\/\/chiloe.digital\/aspal\/habilitacion-oficinas\/\",\"url\":\"https:\/\/chiloe.digital\/aspal\/habilitacion-oficinas\/\",\"name\":\"Habilitaci\u00f3n OFICINAS - Constructora ASPAL\",\"isPartOf\":{\"@id\":\"https:\/\/chiloe.digital\/aspal\/#website\"},\"primaryImageOfPage\":{\"@id\":\"https:\/\/chiloe.digital\/aspal\/habilitacion-oficinas\/#primaryimage\"},\"image\":{\"@id\":\"https:\/\/chiloe.digital\/aspal\/habilitacion-oficinas\/#primaryimage\"},\"thumbnailUrl\":\"https:\/\/chiloe.digital\/aspal\/wp-content\/uploads\/sites\/8\/2022\/03\/34.jpg\",\"datePublished\":\"2022-03-22T22:58:18+00:00\",\"dateModified\":\"2022-03-23T22:57:31+00:00\",\"breadcrumb\":{\"@id\":\"https:\/\/chiloe.digital\/aspal\/habilitacion-oficinas\/#breadcrumb\"},\"inLanguage\":\"es\",\"potentialAction\":[{\"@type\":\"ReadAction\",\"target\":[\"https:\/\/chiloe.digital\/aspal\/habilitacion-oficinas\/\"]}]},{\"@type\":\"ImageObject\",\"inLanguage\":\"es\",\"@id\":\"https:\/\/chiloe.digital\/aspal\/habilitacion-oficinas\/#primaryimage\",\"url\":\"https:\/\/chiloe.digital\/aspal\/wp-content\/uploads\/sites\/8\/2022\/03\/34.jpg\",\"contentUrl\":\"https:\/\/chiloe.digital\/aspal\/wp-content\/uploads\/sites\/8\/2022\/03\/34.jpg\",\"width\":822,\"height\":494},{\"@type\":\"BreadcrumbList\",\"@id\":\"https:\/\/chiloe.digital\/aspal\/habilitacion-oficinas\/#breadcrumb\",\"itemListElement\":[{\"@type\":\"ListItem\",\"position\":1,\"name\":\"Portada\",\"item\":\"https:\/\/chiloe.digital\/aspal\/\"},{\"@type\":\"ListItem\",\"position\":2,\"name\":\"Habilitaci\u00f3n OFICINAS\"}]},{\"@type\":\"WebSite\",\"@id\":\"https:\/\/chiloe.digital\/aspal\/#website\",\"url\":\"https:\/\/chiloe.digital\/aspal\/\",\"name\":\"Constructora ASPAL\",\"description\":\"Materializamos tus Sue\u00f1os.\",\"publisher\":{\"@id\":\"https:\/\/chiloe.digital\/aspal\/#organization\"},\"potentialAction\":[{\"@type\":\"SearchAction\",\"target\":{\"@type\":\"EntryPoint\",\"urlTemplate\":\"https:\/\/chiloe.digital\/aspal\/?s={search_term_string}\"},\"query-input\":{\"@type\":\"PropertyValueSpecification\",\"valueRequired\":true,\"valueName\":\"search_term_string\"}}],\"inLanguage\":\"es\"},{\"@type\":\"Organization\",\"@id\":\"https:\/\/chiloe.digital\/aspal\/#organization\",\"name\":\"Constructora ASPAL\",\"url\":\"https:\/\/chiloe.digital\/aspal\/\",\"logo\":{\"@type\":\"ImageObject\",\"inLanguage\":\"es\",\"@id\":\"https:\/\/chiloe.digital\/aspal\/#\/schema\/logo\/image\/\",\"url\":\"https:\/\/chiloe.digital\/aspal\/wp-content\/uploads\/sites\/8\/2022\/03\/cropped-cropped-aspal2.png\",\"contentUrl\":\"https:\/\/chiloe.digital\/aspal\/wp-content\/uploads\/sites\/8\/2022\/03\/cropped-cropped-aspal2.png\",\"width\":1017,\"height\":875,\"caption\":\"Constructora ASPAL\"},\"image\":{\"@id\":\"https:\/\/chiloe.digital\/aspal\/#\/schema\/logo\/image\/\"}}]}<\/script>\n<!-- \/ Yoast SEO plugin. -->","yoast_head_json":{"title":"Habilitaci\u00f3n OFICINAS - Constructora ASPAL","robots":{"index":"index","follow":"follow","max-snippet":"max-snippet:-1","max-image-preview":"max-image-preview:large","max-video-preview":"max-video-preview:-1"},"canonical":"https:\/\/chiloe.digital\/aspal\/habilitacion-oficinas\/","og_locale":"es_ES","og_type":"article","og_title":"Habilitaci\u00f3n OFICINAS - Constructora ASPAL","og_description":"Habilitaci\u00f3n OFICINAS Detalle de Obra Remodelaci\u00f3n de un espacio libre para habilitaci\u00f3n de sala de entrenamiento con una cubierta como terraza. Adem\u00e1s, un \u00e1rea para marketing. Cubierta en estructura de acero con terminaci\u00f3n superior en losa colaborante de hormig\u00f3n y estructura secundaria para toldos en perfiler\u00eda met\u00e1lica liviana. Pavimento interior en piso flotante y exterior [&hellip;]","og_url":"https:\/\/chiloe.digital\/aspal\/habilitacion-oficinas\/","og_site_name":"Constructora ASPAL","article_modified_time":"2022-03-23T22:57:31+00:00","og_image":[{"width":822,"height":494,"url":"https:\/\/chiloe.digital\/aspal\/wp-content\/uploads\/sites\/8\/2022\/03\/34.jpg","type":"image\/jpeg"}],"twitter_card":"summary_large_image","twitter_misc":{"Tiempo de lectura":"1 minuto"},"schema":{"@context":"https:\/\/schema.org","@graph":[{"@type":"WebPage","@id":"https:\/\/chiloe.digital\/aspal\/habilitacion-oficinas\/","url":"https:\/\/chiloe.digital\/aspal\/habilitacion-oficinas\/","name":"Habilitaci\u00f3n OFICINAS - Constructora ASPAL","isPartOf":{"@id":"https:\/\/chiloe.digital\/aspal\/#website"},"primaryImageOfPage":{"@id":"https:\/\/chiloe.digital\/aspal\/habilitacion-oficinas\/#primaryimage"},"image":{"@id":"https:\/\/chiloe.digital\/aspal\/habilitacion-oficinas\/#primaryimage"},"thumbnailUrl":"https:\/\/chiloe.digital\/aspal\/wp-content\/uploads\/sites\/8\/2022\/03\/34.jpg","datePublished":"2022-03-22T22:58:18+00:00","dateModified":"2022-03-23T22:57:31+00:00","breadcrumb":{"@id":"https:\/\/chiloe.digital\/aspal\/habilitacion-oficinas\/#breadcrumb"},"inLanguage":"es","potentialAction":[{"@type":"ReadAction","target":["https:\/\/chiloe.digital\/aspal\/habilitacion-oficinas\/"]}]},{"@type":"ImageObject","inLanguage":"es","@id":"https:\/\/chiloe.digital\/aspal\/habilitacion-oficinas\/#primaryimage","url":"https:\/\/chiloe.digital\/aspal\/wp-content\/uploads\/sites\/8\/2022\/03\/34.jpg","contentUrl":"https:\/\/chiloe.digital\/aspal\/wp-content\/uploads\/sites\/8\/2022\/03\/34.jpg","width":822,"height":494},{"@type":"BreadcrumbList","@id":"https:\/\/chiloe.digital\/aspal\/habilitacion-oficinas\/#breadcrumb","itemListElement":[{"@type":"ListItem","position":1,"name":"Portada","item":"https:\/\/chiloe.digital\/aspal\/"},{"@type":"ListItem","position":2,"name":"Habilitaci\u00f3n OFICINAS"}]},{"@type":"WebSite","@id":"https:\/\/chiloe.digital\/aspal\/#website","url":"https:\/\/chiloe.digital\/aspal\/","name":"Constructora ASPAL","description":"Materializamos tus Sue\u00f1os.","publisher":{"@id":"https:\/\/chiloe.digital\/aspal\/#organization"},"potentialAction":[{"@type":"SearchAction","target":{"@type":"EntryPoint","urlTemplate":"https:\/\/chiloe.digital\/aspal\/?s={search_term_string}"},"query-input":{"@type":"PropertyValueSpecification","valueRequired":true,"valueName":"search_term_string"}}],"inLanguage":"es"},{"@type":"Organization","@id":"https:\/\/chiloe.digital\/aspal\/#organization","name":"Constructora ASPAL","url":"https:\/\/chiloe.digital\/aspal\/","logo":{"@type":"ImageObject","inLanguage":"es","@id":"https:\/\/chiloe.digital\/aspal\/#\/schema\/logo\/image\/","url":"https:\/\/chiloe.digital\/aspal\/wp-content\/uploads\/sites\/8\/2022\/03\/cropped-cropped-aspal2.png","contentUrl":"https:\/\/chiloe.digital\/aspal\/wp-content\/uploads\/sites\/8\/2022\/03\/cropped-cropped-aspal2.png","width":1017,"height":875,"caption":"Constructora ASPAL"},"image":{"@id":"https:\/\/chiloe.digital\/aspal\/#\/schema\/logo\/image\/"}}]}},"_links":{"self":[{"href":"https:\/\/chiloe.digital\/aspal\/wp-json\/wp\/v2\/pages\/1527","targetHints":{"allow":["GET"]}}],"collection":[{"href":"https:\/\/chiloe.digital\/aspal\/wp-json\/wp\/v2\/pages"}],"about":[{"href":"https:\/\/chiloe.digital\/aspal\/wp-json\/wp\/v2\/types\/page"}],"author":[{"embeddable":true,"href":"https:\/\/chiloe.digital\/aspal\/wp-json\/wp\/v2\/users\/1"}],"replies":[{"embeddable":true,"href":"https:\/\/chiloe.digital\/aspal\/wp-json\/wp\/v2\/comments?post=1527"}],"version-history":[{"count":3,"href":"https:\/\/chiloe.digital\/aspal\/wp-json\/wp\/v2\/pages\/1527\/revisions"}],"predecessor-version":[{"id":1567,"href":"https:\/\/chiloe.digital\/aspal\/wp-json\/wp\/v2\/pages\/1527\/revisions\/1567"}],"wp:featuredmedia":[{"embeddable":true,"href":"https:\/\/chiloe.digital\/aspal\/wp-json\/wp\/v2\/media\/1352"}],"wp:attachment":[{"href":"https:\/\/chiloe.digital\/aspal\/wp-json\/wp\/v2\/media?parent=1527"}],"curies":[{"name":"wp","href":"https:\/\/api.w.org\/{rel}","templated":true}]}}