{"id":1537,"date":"2022-03-23T21:02:58","date_gmt":"2022-03-23T21:02:58","guid":{"rendered":"https:\/\/chiloe.digital\/aspal\/?page_id=1537"},"modified":"2022-03-23T22:55:02","modified_gmt":"2022-03-23T22:55:02","slug":"construccion-centro-para-separacion-de-grupos","status":"publish","type":"page","link":"https:\/\/chiloe.digital\/aspal\/construccion-centro-para-separacion-de-grupos\/","title":{"rendered":"Construcci\u00f3n CENTRO PARA SEPARACI\u00d3N DE GRUPOS"},"content":{"rendered":"\n<h3>Construcci\u00f3n<br>\n<strong>CENTRO PARA SEPARACI\u00d3N DE GRUPOS<\/strong><\/h3>\n\t\t\t<img decoding=\"async\" loading=\"false\" src=\"https:\/\/chiloe.digital\/aspal\/wp-content\/uploads\/sites\/8\/2022\/03\/48.jpg\" alt=\"\">\t\t\t\n\t\t\t<img decoding=\"async\" loading=\"false\" src=\"https:\/\/chiloe.digital\/aspal\/wp-content\/uploads\/sites\/8\/2022\/03\/49.jpg\" alt=\"\">\t\t\t\n\t\t\t<img decoding=\"async\" loading=\"false\" src=\"https:\/\/chiloe.digital\/aspal\/wp-content\/uploads\/sites\/8\/2022\/03\/50.jpg\" alt=\"\">\t\t\t\n\t\t<h3>Detalle de Obra<\/h3>\t\t\n\t\t\t<p><strong>Construcci\u00f3n de edificio<\/strong> en hormig\u00f3n armado con losa y radier para albergar a internos de riesgo. Paramentos verticales en hormig\u00f3n armado, estructura de cubierta en cerchas met\u00e1licas y cubierta en planchas galvanizadas PV4.<\/p>\n<p><strong>Terminaci\u00f3n:<\/strong> puertas y marcos met\u00e1licos, pavimento en baldosa micro vibrada y sistema EIFS de revestimiento de muros exteriores como soluci\u00f3n t\u00e9rmica y de humedad. <strong>Construcci\u00f3n del ramal<\/strong> de alcantarillado y agua potable y toda la instalaci\u00f3n el\u00e9ctrica de enchufes, fuerza e iluminaci\u00f3n.<\/p>\n<p><strong>Trabajos exteriores:<\/strong> muros de seguridad de 4,5 m. de altura en alba\u00f1iler\u00eda reforzada con pilares vigas y cadenas en hormig\u00f3n armado, adem\u00e1s de pavimentos de terminaci\u00f3n.<\/p>\n\t<h4><strong>MANDANTE<\/strong><br>\nSENAME<br>\n<strong>SUPERFICIE<\/strong><br>\n300 m2<br>\n<strong>DIRECCI\u00d3N<\/strong><br>\nCiudad de Valdivia<\/h4>\n","protected":false},"excerpt":{"rendered":"<p>Construcci\u00f3n CENTRO PARA SEPARACI\u00d3N DE GRUPOS Detalle de Obra Construcci\u00f3n de edificio en hormig\u00f3n armado con losa y radier para albergar a internos de riesgo. Paramentos verticales en hormig\u00f3n armado, estructura de cubierta en cerchas met\u00e1licas y cubierta en planchas galvanizadas PV4. Terminaci\u00f3n: puertas y marcos met\u00e1licos, pavimento en baldosa micro vibrada y sistema EIFS [&hellip;]<\/p>\n","protected":false},"author":1,"featured_media":1337,"parent":0,"menu_order":0,"comment_status":"closed","ping_status":"closed","template":"","meta":{"om_disable_all_campaigns":false,"_mi_skip_tracking":false,"site-sidebar-layout":"default","site-content-layout":"page-builder","ast-site-content-layout":"default","site-content-style":"default","site-sidebar-style":"default","ast-global-header-display":"","ast-banner-title-visibility":"","ast-main-header-display":"","ast-hfb-above-header-display":"","ast-hfb-below-header-display":"","ast-hfb-mobile-header-display":"","site-post-title":"disabled","ast-breadcrumbs-content":"","ast-featured-img":"disabled","footer-sml-layout":"","ast-disable-related-posts":"","theme-transparent-header-meta":"","adv-header-id-meta":"","stick-header-meta":"","header-above-stick-meta":"","header-main-stick-meta":"","header-below-stick-meta":"","astra-migrate-meta-layouts":"default","ast-page-background-enabled":"default","ast-page-background-meta":{"desktop":{"background-color":"","background-image":"","background-repeat":"repeat","background-position":"center center","background-size":"auto","background-attachment":"scroll","background-type":"","background-media":"","overlay-type":"","overlay-color":"","overlay-opacity":"","overlay-gradient":""},"tablet":{"background-color":"","background-image":"","background-repeat":"repeat","background-position":"center center","background-size":"auto","background-attachment":"scroll","background-type":"","background-media":"","overlay-type":"","overlay-color":"","overlay-opacity":"","overlay-gradient":""},"mobile":{"background-color":"","background-image":"","background-repeat":"repeat","background-position":"center center","background-size":"auto","background-attachment":"scroll","background-type":"","background-media":"","overlay-type":"","overlay-color":"","overlay-opacity":"","overlay-gradient":""}},"ast-content-background-meta":{"desktop":{"background-color":"var(--ast-global-color-5)","background-image":"","background-repeat":"repeat","background-position":"center center","background-size":"auto","background-attachment":"scroll","background-type":"","background-media":"","overlay-type":"","overlay-color":"","overlay-opacity":"","overlay-gradient":""},"tablet":{"background-color":"var(--ast-global-color-5)","background-image":"","background-repeat":"repeat","background-position":"center center","background-size":"auto","background-attachment":"scroll","background-type":"","background-media":"","overlay-type":"","overlay-color":"","overlay-opacity":"","overlay-gradient":""},"mobile":{"background-color":"var(--ast-global-color-5)","background-image":"","background-repeat":"repeat","background-position":"center center","background-size":"auto","background-attachment":"scroll","background-type":"","background-media":"","overlay-type":"","overlay-color":"","overlay-opacity":"","overlay-gradient":""}},"footnotes":""},"class_list":["post-1537","page","type-page","status-publish","has-post-thumbnail","hentry"],"yoast_head":"<!-- This site is optimized with the Yoast SEO plugin v27.0 - https:\/\/yoast.com\/product\/yoast-seo-wordpress\/ -->\n<title>Construcci\u00f3n CENTRO PARA SEPARACI\u00d3N DE GRUPOS - Constructora ASPAL<\/title>\n<meta name=\"robots\" content=\"index, follow, max-snippet:-1, max-image-preview:large, max-video-preview:-1\" \/>\n<link rel=\"canonical\" href=\"https:\/\/chiloe.digital\/aspal\/construccion-centro-para-separacion-de-grupos\/\" \/>\n<meta property=\"og:locale\" content=\"es_ES\" \/>\n<meta property=\"og:type\" content=\"article\" \/>\n<meta property=\"og:title\" content=\"Construcci\u00f3n CENTRO PARA SEPARACI\u00d3N DE GRUPOS - Constructora ASPAL\" \/>\n<meta property=\"og:description\" content=\"Construcci\u00f3n CENTRO PARA SEPARACI\u00d3N DE GRUPOS Detalle de Obra Construcci\u00f3n de edificio en hormig\u00f3n armado con losa y radier para albergar a internos de riesgo. Paramentos verticales en hormig\u00f3n armado, estructura de cubierta en cerchas met\u00e1licas y cubierta en planchas galvanizadas PV4. Terminaci\u00f3n: puertas y marcos met\u00e1licos, pavimento en baldosa micro vibrada y sistema EIFS [&hellip;]\" \/>\n<meta property=\"og:url\" content=\"https:\/\/chiloe.digital\/aspal\/construccion-centro-para-separacion-de-grupos\/\" \/>\n<meta property=\"og:site_name\" content=\"Constructora ASPAL\" \/>\n<meta property=\"article:modified_time\" content=\"2022-03-23T22:55:02+00:00\" \/>\n<meta property=\"og:image\" content=\"https:\/\/chiloe.digital\/aspal\/wp-content\/uploads\/sites\/8\/2022\/03\/49.jpg\" \/>\n\t<meta property=\"og:image:width\" content=\"576\" \/>\n\t<meta property=\"og:image:height\" content=\"511\" \/>\n\t<meta property=\"og:image:type\" content=\"image\/jpeg\" \/>\n<meta name=\"twitter:card\" content=\"summary_large_image\" \/>\n<meta name=\"twitter:label1\" content=\"Tiempo de lectura\" \/>\n\t<meta name=\"twitter:data1\" content=\"1 minuto\" \/>\n<script type=\"application\/ld+json\" class=\"yoast-schema-graph\">{\"@context\":\"https:\/\/schema.org\",\"@graph\":[{\"@type\":\"WebPage\",\"@id\":\"https:\/\/chiloe.digital\/aspal\/construccion-centro-para-separacion-de-grupos\/\",\"url\":\"https:\/\/chiloe.digital\/aspal\/construccion-centro-para-separacion-de-grupos\/\",\"name\":\"Construcci\u00f3n CENTRO PARA SEPARACI\u00d3N DE GRUPOS - Constructora ASPAL\",\"isPartOf\":{\"@id\":\"https:\/\/chiloe.digital\/aspal\/#website\"},\"primaryImageOfPage\":{\"@id\":\"https:\/\/chiloe.digital\/aspal\/construccion-centro-para-separacion-de-grupos\/#primaryimage\"},\"image\":{\"@id\":\"https:\/\/chiloe.digital\/aspal\/construccion-centro-para-separacion-de-grupos\/#primaryimage\"},\"thumbnailUrl\":\"https:\/\/chiloe.digital\/aspal\/wp-content\/uploads\/sites\/8\/2022\/03\/49.jpg\",\"datePublished\":\"2022-03-23T21:02:58+00:00\",\"dateModified\":\"2022-03-23T22:55:02+00:00\",\"breadcrumb\":{\"@id\":\"https:\/\/chiloe.digital\/aspal\/construccion-centro-para-separacion-de-grupos\/#breadcrumb\"},\"inLanguage\":\"es\",\"potentialAction\":[{\"@type\":\"ReadAction\",\"target\":[\"https:\/\/chiloe.digital\/aspal\/construccion-centro-para-separacion-de-grupos\/\"]}]},{\"@type\":\"ImageObject\",\"inLanguage\":\"es\",\"@id\":\"https:\/\/chiloe.digital\/aspal\/construccion-centro-para-separacion-de-grupos\/#primaryimage\",\"url\":\"https:\/\/chiloe.digital\/aspal\/wp-content\/uploads\/sites\/8\/2022\/03\/49.jpg\",\"contentUrl\":\"https:\/\/chiloe.digital\/aspal\/wp-content\/uploads\/sites\/8\/2022\/03\/49.jpg\",\"width\":576,\"height\":511},{\"@type\":\"BreadcrumbList\",\"@id\":\"https:\/\/chiloe.digital\/aspal\/construccion-centro-para-separacion-de-grupos\/#breadcrumb\",\"itemListElement\":[{\"@type\":\"ListItem\",\"position\":1,\"name\":\"Portada\",\"item\":\"https:\/\/chiloe.digital\/aspal\/\"},{\"@type\":\"ListItem\",\"position\":2,\"name\":\"Construcci\u00f3n CENTRO PARA SEPARACI\u00d3N DE GRUPOS\"}]},{\"@type\":\"WebSite\",\"@id\":\"https:\/\/chiloe.digital\/aspal\/#website\",\"url\":\"https:\/\/chiloe.digital\/aspal\/\",\"name\":\"Constructora ASPAL\",\"description\":\"Materializamos tus Sue\u00f1os.\",\"publisher\":{\"@id\":\"https:\/\/chiloe.digital\/aspal\/#organization\"},\"potentialAction\":[{\"@type\":\"SearchAction\",\"target\":{\"@type\":\"EntryPoint\",\"urlTemplate\":\"https:\/\/chiloe.digital\/aspal\/?s={search_term_string}\"},\"query-input\":{\"@type\":\"PropertyValueSpecification\",\"valueRequired\":true,\"valueName\":\"search_term_string\"}}],\"inLanguage\":\"es\"},{\"@type\":\"Organization\",\"@id\":\"https:\/\/chiloe.digital\/aspal\/#organization\",\"name\":\"Constructora ASPAL\",\"url\":\"https:\/\/chiloe.digital\/aspal\/\",\"logo\":{\"@type\":\"ImageObject\",\"inLanguage\":\"es\",\"@id\":\"https:\/\/chiloe.digital\/aspal\/#\/schema\/logo\/image\/\",\"url\":\"https:\/\/chiloe.digital\/aspal\/wp-content\/uploads\/sites\/8\/2022\/03\/cropped-cropped-aspal2.png\",\"contentUrl\":\"https:\/\/chiloe.digital\/aspal\/wp-content\/uploads\/sites\/8\/2022\/03\/cropped-cropped-aspal2.png\",\"width\":1017,\"height\":875,\"caption\":\"Constructora ASPAL\"},\"image\":{\"@id\":\"https:\/\/chiloe.digital\/aspal\/#\/schema\/logo\/image\/\"}}]}<\/script>\n<!-- \/ Yoast SEO plugin. -->","yoast_head_json":{"title":"Construcci\u00f3n CENTRO PARA SEPARACI\u00d3N DE GRUPOS - Constructora ASPAL","robots":{"index":"index","follow":"follow","max-snippet":"max-snippet:-1","max-image-preview":"max-image-preview:large","max-video-preview":"max-video-preview:-1"},"canonical":"https:\/\/chiloe.digital\/aspal\/construccion-centro-para-separacion-de-grupos\/","og_locale":"es_ES","og_type":"article","og_title":"Construcci\u00f3n CENTRO PARA SEPARACI\u00d3N DE GRUPOS - Constructora ASPAL","og_description":"Construcci\u00f3n CENTRO PARA SEPARACI\u00d3N DE GRUPOS Detalle de Obra Construcci\u00f3n de edificio en hormig\u00f3n armado con losa y radier para albergar a internos de riesgo. Paramentos verticales en hormig\u00f3n armado, estructura de cubierta en cerchas met\u00e1licas y cubierta en planchas galvanizadas PV4. Terminaci\u00f3n: puertas y marcos met\u00e1licos, pavimento en baldosa micro vibrada y sistema EIFS [&hellip;]","og_url":"https:\/\/chiloe.digital\/aspal\/construccion-centro-para-separacion-de-grupos\/","og_site_name":"Constructora ASPAL","article_modified_time":"2022-03-23T22:55:02+00:00","og_image":[{"width":576,"height":511,"url":"https:\/\/chiloe.digital\/aspal\/wp-content\/uploads\/sites\/8\/2022\/03\/49.jpg","type":"image\/jpeg"}],"twitter_card":"summary_large_image","twitter_misc":{"Tiempo de lectura":"1 minuto"},"schema":{"@context":"https:\/\/schema.org","@graph":[{"@type":"WebPage","@id":"https:\/\/chiloe.digital\/aspal\/construccion-centro-para-separacion-de-grupos\/","url":"https:\/\/chiloe.digital\/aspal\/construccion-centro-para-separacion-de-grupos\/","name":"Construcci\u00f3n CENTRO PARA SEPARACI\u00d3N DE GRUPOS - Constructora ASPAL","isPartOf":{"@id":"https:\/\/chiloe.digital\/aspal\/#website"},"primaryImageOfPage":{"@id":"https:\/\/chiloe.digital\/aspal\/construccion-centro-para-separacion-de-grupos\/#primaryimage"},"image":{"@id":"https:\/\/chiloe.digital\/aspal\/construccion-centro-para-separacion-de-grupos\/#primaryimage"},"thumbnailUrl":"https:\/\/chiloe.digital\/aspal\/wp-content\/uploads\/sites\/8\/2022\/03\/49.jpg","datePublished":"2022-03-23T21:02:58+00:00","dateModified":"2022-03-23T22:55:02+00:00","breadcrumb":{"@id":"https:\/\/chiloe.digital\/aspal\/construccion-centro-para-separacion-de-grupos\/#breadcrumb"},"inLanguage":"es","potentialAction":[{"@type":"ReadAction","target":["https:\/\/chiloe.digital\/aspal\/construccion-centro-para-separacion-de-grupos\/"]}]},{"@type":"ImageObject","inLanguage":"es","@id":"https:\/\/chiloe.digital\/aspal\/construccion-centro-para-separacion-de-grupos\/#primaryimage","url":"https:\/\/chiloe.digital\/aspal\/wp-content\/uploads\/sites\/8\/2022\/03\/49.jpg","contentUrl":"https:\/\/chiloe.digital\/aspal\/wp-content\/uploads\/sites\/8\/2022\/03\/49.jpg","width":576,"height":511},{"@type":"BreadcrumbList","@id":"https:\/\/chiloe.digital\/aspal\/construccion-centro-para-separacion-de-grupos\/#breadcrumb","itemListElement":[{"@type":"ListItem","position":1,"name":"Portada","item":"https:\/\/chiloe.digital\/aspal\/"},{"@type":"ListItem","position":2,"name":"Construcci\u00f3n CENTRO PARA SEPARACI\u00d3N DE GRUPOS"}]},{"@type":"WebSite","@id":"https:\/\/chiloe.digital\/aspal\/#website","url":"https:\/\/chiloe.digital\/aspal\/","name":"Constructora ASPAL","description":"Materializamos tus Sue\u00f1os.","publisher":{"@id":"https:\/\/chiloe.digital\/aspal\/#organization"},"potentialAction":[{"@type":"SearchAction","target":{"@type":"EntryPoint","urlTemplate":"https:\/\/chiloe.digital\/aspal\/?s={search_term_string}"},"query-input":{"@type":"PropertyValueSpecification","valueRequired":true,"valueName":"search_term_string"}}],"inLanguage":"es"},{"@type":"Organization","@id":"https:\/\/chiloe.digital\/aspal\/#organization","name":"Constructora ASPAL","url":"https:\/\/chiloe.digital\/aspal\/","logo":{"@type":"ImageObject","inLanguage":"es","@id":"https:\/\/chiloe.digital\/aspal\/#\/schema\/logo\/image\/","url":"https:\/\/chiloe.digital\/aspal\/wp-content\/uploads\/sites\/8\/2022\/03\/cropped-cropped-aspal2.png","contentUrl":"https:\/\/chiloe.digital\/aspal\/wp-content\/uploads\/sites\/8\/2022\/03\/cropped-cropped-aspal2.png","width":1017,"height":875,"caption":"Constructora ASPAL"},"image":{"@id":"https:\/\/chiloe.digital\/aspal\/#\/schema\/logo\/image\/"}}]}},"_links":{"self":[{"href":"https:\/\/chiloe.digital\/aspal\/wp-json\/wp\/v2\/pages\/1537","targetHints":{"allow":["GET"]}}],"collection":[{"href":"https:\/\/chiloe.digital\/aspal\/wp-json\/wp\/v2\/pages"}],"about":[{"href":"https:\/\/chiloe.digital\/aspal\/wp-json\/wp\/v2\/types\/page"}],"author":[{"embeddable":true,"href":"https:\/\/chiloe.digital\/aspal\/wp-json\/wp\/v2\/users\/1"}],"replies":[{"embeddable":true,"href":"https:\/\/chiloe.digital\/aspal\/wp-json\/wp\/v2\/comments?post=1537"}],"version-history":[{"count":3,"href":"https:\/\/chiloe.digital\/aspal\/wp-json\/wp\/v2\/pages\/1537\/revisions"}],"predecessor-version":[{"id":1564,"href":"https:\/\/chiloe.digital\/aspal\/wp-json\/wp\/v2\/pages\/1537\/revisions\/1564"}],"wp:featuredmedia":[{"embeddable":true,"href":"https:\/\/chiloe.digital\/aspal\/wp-json\/wp\/v2\/media\/1337"}],"wp:attachment":[{"href":"https:\/\/chiloe.digital\/aspal\/wp-json\/wp\/v2\/media?parent=1537"}],"curies":[{"name":"wp","href":"https:\/\/api.w.org\/{rel}","templated":true}]}}