{"id":1611,"date":"2022-03-24T06:51:09","date_gmt":"2022-03-24T06:51:09","guid":{"rendered":"https:\/\/chiloe.digital\/aspal\/?page_id=1611"},"modified":"2024-03-27T21:13:06","modified_gmt":"2024-03-27T21:13:06","slug":"home2","status":"publish","type":"page","link":"https:\/\/chiloe.digital\/aspal\/","title":{"rendered":"home2"},"content":{"rendered":"\n\n\t<h1>\n\t\t\t\t\tMaterializamos\n\t\t\t\tPreview text\t\t\t\n\t\t\t<\/h1>\n\t<h2>\n\t\t\t\t\tHagamos de tu\n\t\t\t\tPreview text\t\t\t\n\t\t\t\t\tUna Realidad\n\t\t\t<\/h2>\n\t<p><strong>M\u00e1s de una d\u00e9cada<\/strong> de experiencia en remodelaciones, ampliaciones, modernizaciones,construcciones, arquitectura y obras civiles.<\/p>\n\t<h3>Establecimientos Comerciales<\/h3>\t\t\n\t<h3>Dise\u00f1o de Proyectos<\/h3>\t\t\n\t<h3>Remodelaciones<\/h3>\t\t\n\t<h3>Establecimientos Educacionales<\/h3>\t\t\n\t<h3>Construcci\u00f3n Habitacional<\/h3>\t\t\n\t<h3>Construcci\u00f3n en General<\/h3>\t\t\n\t<h2>Una empresa en\u00a0<strong>CONSTANTE CRECIMIENTO<\/strong><\/h2>\n\t\t<!-- Comment to fix spacing issue\n\t-->\n\t\t<h2>0<\/h2>Proyectos Realizados\n\t<!-- Comment to fix spacing issue\n\t-->\t\n\t\t<!-- Comment to fix spacing issue\n\t-->\n\t\t<h2>0<\/h2>Viviendas Construidas\n\t<!-- Comment to fix spacing issue\n\t-->\t\n\t\t<!-- Comment to fix spacing issue\n\t-->\n\t\t<h2>0<\/h2>Remodelaciones\n\t<!-- Comment to fix spacing issue\n\t-->\t\n\t\t<!-- Comment to fix spacing issue\n\t-->\n\t\t<h2>0<\/h2>Superficies comerciales\n\t<!-- Comment to fix spacing issue\n\t-->\t\n\t\t\t<a href=\"\" target=\"_self\" role=\"button\" rel=\"noopener\">\n\t\t\t\t\t\t\tVer Portafolio\n\t\t\t\t\t<\/a>\n<h2>\n\t\tUltimos Proyectos\n\t<\/h2>\n\t<meta itemscope itemprop=\"mainEntityOfPage\" itemtype=\"https:\/\/schema.org\/WebPage\" itemid=\"https:\/\/chiloe.digital\/aspal\/1473-2\/\" content=\"Remodelaci\u00f3n ESPACIO PARA LA CULTURA\" \/><meta itemprop=\"datePublished\" content=\"2022-03-22\" \/><meta itemprop=\"dateModified\" content=\"2022-03-23\" \/><meta itemprop=\"name\" content=\"Constructora ASPAL\"\/><meta itemprop=\"url\" content=\"https:\/\/chiloe.digital\/aspal\/wp-content\/uploads\/sites\/8\/2022\/03\/cropped-cropped-aspal2.png\"\/><meta itemprop=\"url\" content=\"https:\/\/chiloe.digital\/aspal\/author\/bar-logronogmail-com\/\" \/><meta itemprop=\"name\" content=\"Luis Gutierrez\" \/><meta itemprop=\"url\" content=\"https:\/\/chiloe.digital\/aspal\/wp-content\/uploads\/sites\/8\/2022\/03\/31.jpg\" \/><meta itemprop=\"width\" content=\"669\" \/><meta itemprop=\"height\" content=\"594\" \/><meta itemprop=\"interactionType\" content=\"https:\/\/schema.org\/CommentAction\" \/><meta itemprop=\"userInteractionCount\" content=\"0\" \/>\n\t\t\t\t\t<a href=\"https:\/\/chiloe.digital\/aspal\/1473-2\/\" title=\"Remodelaci\u00f3n ESPACIO PARA LA CULTURA\"><\/a>\n\t\t\t\t<img loading=\"lazy\" decoding=\"async\" src=\"https:\/\/chiloe.digital\/aspal\/wp-content\/uploads\/sites\/8\/2022\/03\/31.jpg\" alt=\"31\" itemprop=\"image\" data-no-lazy=\"1\" height=\"594\" width=\"669\" title=\"31\" onerror=\"this.style.display='none'\"  \/>\n\t\t\t\t\t<h4 itemprop=\"headline\">\n\t\t\t\t\t\t\t\t\t\tRemodelaci\u00f3n ESPACIO PARA LA CULTURA\t\t\t\t\t\t\t<\/h4>\n\t<meta itemscope itemprop=\"mainEntityOfPage\" itemtype=\"https:\/\/schema.org\/WebPage\" itemid=\"https:\/\/chiloe.digital\/aspal\/construccion-local-comercial\/\" content=\"Construcci\u00f3n LOCAL COMERCIAL\" \/><meta itemprop=\"datePublished\" content=\"2022-03-22\" \/><meta itemprop=\"dateModified\" content=\"2022-03-23\" \/><meta itemprop=\"name\" content=\"Constructora ASPAL\"\/><meta itemprop=\"url\" content=\"https:\/\/chiloe.digital\/aspal\/wp-content\/uploads\/sites\/8\/2022\/03\/cropped-cropped-aspal2.png\"\/><meta itemprop=\"url\" content=\"https:\/\/chiloe.digital\/aspal\/author\/bar-logronogmail-com\/\" \/><meta itemprop=\"name\" content=\"Luis Gutierrez\" \/><meta itemprop=\"url\" content=\"https:\/\/chiloe.digital\/aspal\/wp-content\/uploads\/sites\/8\/2022\/03\/8.jpg\" \/><meta itemprop=\"width\" content=\"689\" \/><meta itemprop=\"height\" content=\"612\" \/><meta itemprop=\"interactionType\" content=\"https:\/\/schema.org\/CommentAction\" \/><meta itemprop=\"userInteractionCount\" content=\"0\" \/>\n\t\t\t\t\t<a href=\"https:\/\/chiloe.digital\/aspal\/construccion-local-comercial\/\" title=\"Construcci\u00f3n LOCAL COMERCIAL\"><\/a>\n\t\t\t\t<img loading=\"lazy\" decoding=\"async\" src=\"https:\/\/chiloe.digital\/aspal\/wp-content\/uploads\/sites\/8\/2022\/03\/8.jpg\" alt=\"8\" itemprop=\"image\" data-no-lazy=\"1\" height=\"612\" width=\"689\" title=\"8\" onerror=\"this.style.display='none'\"  \/>\n\t\t\t\t\t<h4 itemprop=\"headline\">\n\t\t\t\t\t\t\t\t\t\tConstrucci\u00f3n LOCAL COMERCIAL\t\t\t\t\t\t\t<\/h4>\n\t<meta itemscope itemprop=\"mainEntityOfPage\" itemtype=\"https:\/\/schema.org\/WebPage\" itemid=\"https:\/\/chiloe.digital\/aspal\/construccion-sucursal-digital-itau\/\" content=\"Construcci\u00f3n SUCURSAL DIGITAL ITA\u00da\" \/><meta itemprop=\"datePublished\" content=\"2022-03-22\" \/><meta itemprop=\"dateModified\" content=\"2022-03-23\" \/><meta itemprop=\"name\" content=\"Constructora ASPAL\"\/><meta itemprop=\"url\" content=\"https:\/\/chiloe.digital\/aspal\/wp-content\/uploads\/sites\/8\/2022\/03\/cropped-cropped-aspal2.png\"\/><meta itemprop=\"url\" content=\"https:\/\/chiloe.digital\/aspal\/author\/bar-logronogmail-com\/\" \/><meta itemprop=\"name\" content=\"Luis Gutierrez\" \/><meta itemprop=\"url\" content=\"https:\/\/chiloe.digital\/aspal\/wp-content\/uploads\/sites\/8\/2022\/03\/11.jpg\" \/><meta itemprop=\"width\" content=\"1300\" \/><meta itemprop=\"height\" content=\"782\" \/><meta itemprop=\"interactionType\" content=\"https:\/\/schema.org\/CommentAction\" \/><meta itemprop=\"userInteractionCount\" content=\"0\" \/>\n\t\t\t\t\t<a href=\"https:\/\/chiloe.digital\/aspal\/construccion-sucursal-digital-itau\/\" title=\"Construcci\u00f3n SUCURSAL DIGITAL ITA\u00da\"><\/a>\n\t\t\t\t<img loading=\"lazy\" decoding=\"async\" src=\"https:\/\/chiloe.digital\/aspal\/wp-content\/uploads\/sites\/8\/2022\/03\/11-1024x616.jpg\" alt=\"11\" itemprop=\"image\" data-no-lazy=\"1\" height=\"616\" width=\"1024\" title=\"11\" onerror=\"this.style.display='none'\"  \/>\n\t\t\t\t\t<h4 itemprop=\"headline\">\n\t\t\t\t\t\t\t\t\t\tConstrucci\u00f3n SUCURSAL DIGITAL ITA\u00da\t\t\t\t\t\t\t<\/h4>\n\t\t<!-- .pp-content-posts -->\n\t\t\t<a href=\"https:\/\/chiloe.digital\/aspal\/proyectos\/\" target=\"_self\" role=\"button\" rel=\"noopener\">\n\t\t\t\t\t\t\tVer Proyectos\n\t\t\t\t\t<\/a>\n<h2>\n\t\tConf\u00edan en nosotros\n\t<\/h2>\n\t\t\t\t\t\t\t<img decoding=\"async\" src=\"https:\/\/chiloe.digital\/aspal\/wp-content\/uploads\/sites\/8\/2022\/03\/gildee.png\" alt=\"https:\/\/chiloe.digital\/aspal\/wp-content\/uploads\/sites\/8\/2022\/03\/gildee.png\" data-no-lazy=\"1\" \/>\n\t\t\t\t\t\t\t<img decoding=\"async\" src=\"https:\/\/chiloe.digital\/aspal\/wp-content\/uploads\/sites\/8\/2022\/03\/Segpres.png\" alt=\"https:\/\/chiloe.digital\/aspal\/wp-content\/uploads\/sites\/8\/2022\/03\/Segpres.png\" data-no-lazy=\"1\" \/>\n\t\t\t\t\t\t\t<img decoding=\"async\" src=\"https:\/\/chiloe.digital\/aspal\/wp-content\/uploads\/sites\/8\/2022\/03\/descarga-2.png\" alt=\"https:\/\/chiloe.digital\/aspal\/wp-content\/uploads\/sites\/8\/2022\/03\/descarga-2.png\" data-no-lazy=\"1\" \/>\n\t\t\t\t\t\t\t<img decoding=\"async\" src=\"https:\/\/chiloe.digital\/aspal\/wp-content\/uploads\/sites\/8\/2022\/03\/logo-itau-varejo-desktop.webp\" alt=\"https:\/\/chiloe.digital\/aspal\/wp-content\/uploads\/sites\/8\/2022\/03\/logo-itau-varejo-desktop.webp\" data-no-lazy=\"1\" \/>\n\t\t\t\t\t\t\t<img decoding=\"async\" src=\"https:\/\/chiloe.digital\/aspal\/wp-content\/uploads\/sites\/8\/2022\/03\/Contraloria_General_de_la_Republica_de_Chile.png\" alt=\"https:\/\/chiloe.digital\/aspal\/wp-content\/uploads\/sites\/8\/2022\/03\/Contraloria_General_de_la_Republica_de_Chile.png\" data-no-lazy=\"1\" \/>\n\n","protected":false},"excerpt":{"rendered":"<p>Materializamos Preview text Hagamos de tu Preview text Una Realidad M\u00e1s de una d\u00e9cada de experiencia en remodelaciones, ampliaciones, modernizaciones,construcciones, arquitectura y obras civiles. Establecimientos Comerciales Dise\u00f1o de Proyectos Remodelaciones Establecimientos Educacionales Construcci\u00f3n Habitacional Construcci\u00f3n en General Una empresa en\u00a0CONSTANTE CRECIMIENTO 0 Proyectos Realizados 0 Viviendas Construidas 0 Remodelaciones 0 Superficies comerciales Ver Portafolio Ultimos [&hellip;]<\/p>\n","protected":false},"author":1,"featured_media":0,"parent":0,"menu_order":0,"comment_status":"closed","ping_status":"closed","template":"","meta":{"om_disable_all_campaigns":false,"_mi_skip_tracking":false,"site-sidebar-layout":"default","site-content-layout":"page-builder","ast-site-content-layout":"default","site-content-style":"default","site-sidebar-style":"default","ast-global-header-display":"","ast-banner-title-visibility":"","ast-main-header-display":"","ast-hfb-above-header-display":"","ast-hfb-below-header-display":"","ast-hfb-mobile-header-display":"","site-post-title":"disabled","ast-breadcrumbs-content":"","ast-featured-img":"","footer-sml-layout":"","ast-disable-related-posts":"","theme-transparent-header-meta":"","adv-header-id-meta":"","stick-header-meta":"","header-above-stick-meta":"","header-main-stick-meta":"","header-below-stick-meta":"","astra-migrate-meta-layouts":"default","ast-page-background-enabled":"default","ast-page-background-meta":{"desktop":{"background-color":"","background-image":"","background-repeat":"repeat","background-position":"center center","background-size":"auto","background-attachment":"scroll","background-type":"","background-media":"","overlay-type":"","overlay-color":"","overlay-opacity":"","overlay-gradient":""},"tablet":{"background-color":"","background-image":"","background-repeat":"repeat","background-position":"center center","background-size":"auto","background-attachment":"scroll","background-type":"","background-media":"","overlay-type":"","overlay-color":"","overlay-opacity":"","overlay-gradient":""},"mobile":{"background-color":"","background-image":"","background-repeat":"repeat","background-position":"center center","background-size":"auto","background-attachment":"scroll","background-type":"","background-media":"","overlay-type":"","overlay-color":"","overlay-opacity":"","overlay-gradient":""}},"ast-content-background-meta":{"desktop":{"background-color":"var(--ast-global-color-5)","background-image":"","background-repeat":"repeat","background-position":"center center","background-size":"auto","background-attachment":"scroll","background-type":"","background-media":"","overlay-type":"","overlay-color":"","overlay-opacity":"","overlay-gradient":""},"tablet":{"background-color":"var(--ast-global-color-5)","background-image":"","background-repeat":"repeat","background-position":"center center","background-size":"auto","background-attachment":"scroll","background-type":"","background-media":"","overlay-type":"","overlay-color":"","overlay-opacity":"","overlay-gradient":""},"mobile":{"background-color":"var(--ast-global-color-5)","background-image":"","background-repeat":"repeat","background-position":"center center","background-size":"auto","background-attachment":"scroll","background-type":"","background-media":"","overlay-type":"","overlay-color":"","overlay-opacity":"","overlay-gradient":""}},"footnotes":""},"class_list":["post-1611","page","type-page","status-publish","hentry"],"yoast_head":"<!-- This site is optimized with the Yoast SEO plugin v27.0 - https:\/\/yoast.com\/product\/yoast-seo-wordpress\/ -->\n<title>home2 - Constructora ASPAL<\/title>\n<meta name=\"robots\" content=\"index, follow, max-snippet:-1, max-image-preview:large, max-video-preview:-1\" \/>\n<link rel=\"canonical\" href=\"https:\/\/chiloe.digital\/aspal\/\" \/>\n<meta property=\"og:locale\" content=\"es_ES\" \/>\n<meta property=\"og:type\" content=\"article\" \/>\n<meta property=\"og:title\" content=\"home2 - Constructora ASPAL\" \/>\n<meta property=\"og:description\" content=\"Materializamos Preview text Hagamos de tu Preview text Una Realidad M\u00e1s de una d\u00e9cada de experiencia en remodelaciones, ampliaciones, modernizaciones,construcciones, arquitectura y obras civiles. Establecimientos Comerciales Dise\u00f1o de Proyectos Remodelaciones Establecimientos Educacionales Construcci\u00f3n Habitacional Construcci\u00f3n en General Una empresa en\u00a0CONSTANTE CRECIMIENTO 0 Proyectos Realizados 0 Viviendas Construidas 0 Remodelaciones 0 Superficies comerciales Ver Portafolio Ultimos [&hellip;]\" \/>\n<meta property=\"og:url\" content=\"https:\/\/chiloe.digital\/aspal\/\" \/>\n<meta property=\"og:site_name\" content=\"Constructora ASPAL\" \/>\n<meta property=\"article:modified_time\" content=\"2024-03-27T21:13:06+00:00\" \/>\n<meta property=\"og:image\" content=\"https:\/\/chiloe.digital\/aspal\/wp-content\/uploads\/sites\/8\/2022\/03\/31.jpg\" \/>\n<meta name=\"twitter:card\" content=\"summary_large_image\" \/>\n<script type=\"application\/ld+json\" class=\"yoast-schema-graph\">{\"@context\":\"https:\/\/schema.org\",\"@graph\":[{\"@type\":\"WebPage\",\"@id\":\"https:\/\/chiloe.digital\/aspal\/\",\"url\":\"https:\/\/chiloe.digital\/aspal\/\",\"name\":\"home2 - Constructora ASPAL\",\"isPartOf\":{\"@id\":\"https:\/\/chiloe.digital\/aspal\/#website\"},\"primaryImageOfPage\":{\"@id\":\"https:\/\/chiloe.digital\/aspal\/#primaryimage\"},\"image\":{\"@id\":\"https:\/\/chiloe.digital\/aspal\/#primaryimage\"},\"thumbnailUrl\":\"https:\/\/chiloe.digital\/aspal\/wp-content\/uploads\/sites\/8\/2022\/03\/31.jpg\",\"datePublished\":\"2022-03-24T06:51:09+00:00\",\"dateModified\":\"2024-03-27T21:13:06+00:00\",\"breadcrumb\":{\"@id\":\"https:\/\/chiloe.digital\/aspal\/#breadcrumb\"},\"inLanguage\":\"es\",\"potentialAction\":[{\"@type\":\"ReadAction\",\"target\":[\"https:\/\/chiloe.digital\/aspal\/\"]}]},{\"@type\":\"ImageObject\",\"inLanguage\":\"es\",\"@id\":\"https:\/\/chiloe.digital\/aspal\/#primaryimage\",\"url\":\"https:\/\/chiloe.digital\/aspal\/wp-content\/uploads\/sites\/8\/2022\/03\/31.jpg\",\"contentUrl\":\"https:\/\/chiloe.digital\/aspal\/wp-content\/uploads\/sites\/8\/2022\/03\/31.jpg\",\"width\":669,\"height\":594},{\"@type\":\"BreadcrumbList\",\"@id\":\"https:\/\/chiloe.digital\/aspal\/#breadcrumb\",\"itemListElement\":[{\"@type\":\"ListItem\",\"position\":1,\"name\":\"Portada\",\"item\":\"https:\/\/chiloe.digital\/aspal\/\"},{\"@type\":\"ListItem\",\"position\":2,\"name\":\"home2\"}]},{\"@type\":\"WebSite\",\"@id\":\"https:\/\/chiloe.digital\/aspal\/#website\",\"url\":\"https:\/\/chiloe.digital\/aspal\/\",\"name\":\"Constructora ASPAL\",\"description\":\"Materializamos tus Sue\u00f1os.\",\"publisher\":{\"@id\":\"https:\/\/chiloe.digital\/aspal\/#organization\"},\"potentialAction\":[{\"@type\":\"SearchAction\",\"target\":{\"@type\":\"EntryPoint\",\"urlTemplate\":\"https:\/\/chiloe.digital\/aspal\/?s={search_term_string}\"},\"query-input\":{\"@type\":\"PropertyValueSpecification\",\"valueRequired\":true,\"valueName\":\"search_term_string\"}}],\"inLanguage\":\"es\"},{\"@type\":\"Organization\",\"@id\":\"https:\/\/chiloe.digital\/aspal\/#organization\",\"name\":\"Constructora ASPAL\",\"url\":\"https:\/\/chiloe.digital\/aspal\/\",\"logo\":{\"@type\":\"ImageObject\",\"inLanguage\":\"es\",\"@id\":\"https:\/\/chiloe.digital\/aspal\/#\/schema\/logo\/image\/\",\"url\":\"https:\/\/chiloe.digital\/aspal\/wp-content\/uploads\/sites\/8\/2022\/03\/cropped-cropped-aspal2.png\",\"contentUrl\":\"https:\/\/chiloe.digital\/aspal\/wp-content\/uploads\/sites\/8\/2022\/03\/cropped-cropped-aspal2.png\",\"width\":1017,\"height\":875,\"caption\":\"Constructora ASPAL\"},\"image\":{\"@id\":\"https:\/\/chiloe.digital\/aspal\/#\/schema\/logo\/image\/\"}}]}<\/script>\n<!-- \/ Yoast SEO plugin. -->","yoast_head_json":{"title":"home2 - Constructora ASPAL","robots":{"index":"index","follow":"follow","max-snippet":"max-snippet:-1","max-image-preview":"max-image-preview:large","max-video-preview":"max-video-preview:-1"},"canonical":"https:\/\/chiloe.digital\/aspal\/","og_locale":"es_ES","og_type":"article","og_title":"home2 - Constructora ASPAL","og_description":"Materializamos Preview text Hagamos de tu Preview text Una Realidad M\u00e1s de una d\u00e9cada de experiencia en remodelaciones, ampliaciones, modernizaciones,construcciones, arquitectura y obras civiles. Establecimientos Comerciales Dise\u00f1o de Proyectos Remodelaciones Establecimientos Educacionales Construcci\u00f3n Habitacional Construcci\u00f3n en General Una empresa en\u00a0CONSTANTE CRECIMIENTO 0 Proyectos Realizados 0 Viviendas Construidas 0 Remodelaciones 0 Superficies comerciales Ver Portafolio Ultimos [&hellip;]","og_url":"https:\/\/chiloe.digital\/aspal\/","og_site_name":"Constructora ASPAL","article_modified_time":"2024-03-27T21:13:06+00:00","og_image":[{"url":"https:\/\/chiloe.digital\/aspal\/wp-content\/uploads\/sites\/8\/2022\/03\/31.jpg","type":"","width":"","height":""}],"twitter_card":"summary_large_image","schema":{"@context":"https:\/\/schema.org","@graph":[{"@type":"WebPage","@id":"https:\/\/chiloe.digital\/aspal\/","url":"https:\/\/chiloe.digital\/aspal\/","name":"home2 - Constructora ASPAL","isPartOf":{"@id":"https:\/\/chiloe.digital\/aspal\/#website"},"primaryImageOfPage":{"@id":"https:\/\/chiloe.digital\/aspal\/#primaryimage"},"image":{"@id":"https:\/\/chiloe.digital\/aspal\/#primaryimage"},"thumbnailUrl":"https:\/\/chiloe.digital\/aspal\/wp-content\/uploads\/sites\/8\/2022\/03\/31.jpg","datePublished":"2022-03-24T06:51:09+00:00","dateModified":"2024-03-27T21:13:06+00:00","breadcrumb":{"@id":"https:\/\/chiloe.digital\/aspal\/#breadcrumb"},"inLanguage":"es","potentialAction":[{"@type":"ReadAction","target":["https:\/\/chiloe.digital\/aspal\/"]}]},{"@type":"ImageObject","inLanguage":"es","@id":"https:\/\/chiloe.digital\/aspal\/#primaryimage","url":"https:\/\/chiloe.digital\/aspal\/wp-content\/uploads\/sites\/8\/2022\/03\/31.jpg","contentUrl":"https:\/\/chiloe.digital\/aspal\/wp-content\/uploads\/sites\/8\/2022\/03\/31.jpg","width":669,"height":594},{"@type":"BreadcrumbList","@id":"https:\/\/chiloe.digital\/aspal\/#breadcrumb","itemListElement":[{"@type":"ListItem","position":1,"name":"Portada","item":"https:\/\/chiloe.digital\/aspal\/"},{"@type":"ListItem","position":2,"name":"home2"}]},{"@type":"WebSite","@id":"https:\/\/chiloe.digital\/aspal\/#website","url":"https:\/\/chiloe.digital\/aspal\/","name":"Constructora ASPAL","description":"Materializamos tus Sue\u00f1os.","publisher":{"@id":"https:\/\/chiloe.digital\/aspal\/#organization"},"potentialAction":[{"@type":"SearchAction","target":{"@type":"EntryPoint","urlTemplate":"https:\/\/chiloe.digital\/aspal\/?s={search_term_string}"},"query-input":{"@type":"PropertyValueSpecification","valueRequired":true,"valueName":"search_term_string"}}],"inLanguage":"es"},{"@type":"Organization","@id":"https:\/\/chiloe.digital\/aspal\/#organization","name":"Constructora ASPAL","url":"https:\/\/chiloe.digital\/aspal\/","logo":{"@type":"ImageObject","inLanguage":"es","@id":"https:\/\/chiloe.digital\/aspal\/#\/schema\/logo\/image\/","url":"https:\/\/chiloe.digital\/aspal\/wp-content\/uploads\/sites\/8\/2022\/03\/cropped-cropped-aspal2.png","contentUrl":"https:\/\/chiloe.digital\/aspal\/wp-content\/uploads\/sites\/8\/2022\/03\/cropped-cropped-aspal2.png","width":1017,"height":875,"caption":"Constructora ASPAL"},"image":{"@id":"https:\/\/chiloe.digital\/aspal\/#\/schema\/logo\/image\/"}}]}},"_links":{"self":[{"href":"https:\/\/chiloe.digital\/aspal\/wp-json\/wp\/v2\/pages\/1611","targetHints":{"allow":["GET"]}}],"collection":[{"href":"https:\/\/chiloe.digital\/aspal\/wp-json\/wp\/v2\/pages"}],"about":[{"href":"https:\/\/chiloe.digital\/aspal\/wp-json\/wp\/v2\/types\/page"}],"author":[{"embeddable":true,"href":"https:\/\/chiloe.digital\/aspal\/wp-json\/wp\/v2\/users\/1"}],"replies":[{"embeddable":true,"href":"https:\/\/chiloe.digital\/aspal\/wp-json\/wp\/v2\/comments?post=1611"}],"version-history":[{"count":37,"href":"https:\/\/chiloe.digital\/aspal\/wp-json\/wp\/v2\/pages\/1611\/revisions"}],"predecessor-version":[{"id":1728,"href":"https:\/\/chiloe.digital\/aspal\/wp-json\/wp\/v2\/pages\/1611\/revisions\/1728"}],"wp:attachment":[{"href":"https:\/\/chiloe.digital\/aspal\/wp-json\/wp\/v2\/media?parent=1611"}],"curies":[{"name":"wp","href":"https:\/\/api.w.org\/{rel}","templated":true}]}}