{"id":21,"date":"2023-10-15T08:39:52","date_gmt":"2023-10-15T08:39:52","guid":{"rendered":"https:\/\/chiloe.digital\/metcon2\/?page_id=21"},"modified":"2023-11-03T08:17:34","modified_gmt":"2023-11-03T08:17:34","slug":"home-2","status":"publish","type":"page","link":"https:\/\/chiloe.digital\/metcon2\/","title":{"rendered":"METCON Industrial Ancud: Expertos en Soldaduras y Planchas de Zinc"},"content":{"rendered":"\n\n\t<h4>\n\t\t\t\tSomos METCON\n\t\t\t<\/h4>\n\t<h1>\n\t\t\t\tConstruyendo el Futuro de Chilo\u00e9\n\t\t\t<\/h1>\n\t\t\t<a href=\"#\" target=\"_self\" role=\"button\" aria-label=\"Conoce M\u00e1s\" rel=\"noopener\">\n\t\t\t\t\t\t\tConoce M\u00e1s\n\t\t<\/a>\n<h2>\n\t\tNuestros Productos\n\t<\/h2>\n\t<h3>\n\t\t\t\t\tCalidad y precisi\u00f3n \n\t\t\t\tPreview text\t\t\t\n\t\t\t<\/h3>\n\t\t\t\t<img loading=\"lazy\" decoding=\"async\" src=\"https:\/\/chiloe.digital\/metcon2\/wp-content\/uploads\/sites\/42\/bb-plugin\/cache\/schwenke__real_photo_zinc_plates_roof_construction_4k_5e9d9cef-646f-4df0-9c45-b92c2f5f8ca4-circle.png\" alt=\"schwenke__real_photo_zinc_plates_roof_construction_4k_5e9d9cef-646f-4df0-9c45-b92c2f5f8ca4\" itemprop=\"image\" height=\"1024\" width=\"1024\" title=\"schwenke__real_photo_zinc_plates_roof_construction_4k_5e9d9cef-646f-4df0-9c45-b92c2f5f8ca4\" onerror=\"this.style.display='none'\"  \/>\n\t\t<h3>Planchas de zinc prepintadas<\/h3>\t\t\n\t\t\t<p>Ancho \u00fatil de 0,95, largo a pedido. Variedad en dise\u00f1os: Latas lisas, onduladas, microonduladas, pv4 y curvas.<\/p>\n\t\t\t\t<img loading=\"lazy\" decoding=\"async\" src=\"https:\/\/chiloe.digital\/metcon2\/wp-content\/uploads\/sites\/42\/bb-plugin\/cache\/schwenke__man_welding_hiperrealistic_4k_f80d658a-0228-4b61-8cba-b7f26044d099-4-circle.png\" alt=\"schwenke__man_welding_hiperrealistic_4k_f80d658a-0228-4b61-8cba-b7f26044d099\" itemprop=\"image\" height=\"1024\" width=\"1024\" title=\"schwenke__man_welding_hiperrealistic_4k_f80d658a-0228-4b61-8cba-b7f26044d099\" onerror=\"this.style.display='none'\"  \/>\n\t\t<h3>Hojalater\u00eda Completa<\/h3>\t\t\n\t\t\t<p>Soluciones a medida para tus proyectos.<\/p>\n<h2>\n\t\tServicios que Ofrecemos\n\t<\/h2>\n\t<h3>\n\t\t\t\t\tSoluciones\n\t\t\t\tPreview text\t\t\t\n\t\t\t\t\tpara tus proyectos\n\t\t\t<\/h3>\n\t\t\t\t<img loading=\"lazy\" decoding=\"async\" src=\"https:\/\/chiloe.digital\/metcon2\/wp-content\/uploads\/sites\/42\/2023\/10\/schwenke__real_photo_brand_new_corrugated_metal_roofing_home_188f760e-088a-4618-952c-68391a10c8f5.png\" alt=\"schwenke__real_photo_brand_new_corrugated_metal_roofing_home_188f760e-088a-4618-952c-68391a10c8f5\" itemprop=\"image\" height=\"1024\" width=\"1024\" title=\"schwenke__real_photo_brand_new_corrugated_metal_roofing_home_188f760e-088a-4618-952c-68391a10c8f5\" onerror=\"this.style.display='none'\"  \/>\n\t\t<h3>Soldadura Especializada<\/h3>\t\t\n\t\t\t<p>Contamos con expertos en soldadura al arco, mig y tig<\/p>\n\t\t<h3>Obras Civiles<\/h3>\t\t\n\t\t\t<p>Especialistas en obras civiles en general.<\/p>\n\t\t<h3>Arriendo de Containers<\/h3>\t\t\n\t\t\t<p>Pr\u00e1cticas soluciones para tus necesidades.<\/p>\n\t\t\t<h3>Ecos de Confianza: Historias de \u00c9xito con METCON<\/h3>\n\t\t\t\t\t\n\t\t\t\t\t\n\t\t<h2>Construye el Ma\u00f1ana con METCON<\/h2>\n\t\t<p>Tu visi\u00f3n, nuestro compromiso. Inicia una conversaci\u00f3n que transformar\u00e1 tu proyecto.<\/p>\n\t\t\t<a href=\"\" target=\"_self\" role=\"button\" rel=\"noopener\">\n\t\t\t\t\t\t\tHABLEMOS AHORA\n\t\t\t\t\t<\/a>\n\n","protected":false},"excerpt":{"rendered":"<p>Explore the Colourful World A Wonderful Gift Learn More &#8220;Fuerat aestu carentem habentia spectent tonitrua mutastis locavit liberioris.&#8221; &#8211; Adam Sendler Upcoming Events Everest Camp Trek Fuerat aestu carentem habentia spectent tonitrua mutastis locavit liberioris inistra possedit. Learn More Walking Holidays Fuerat aestu carentem habentia spectent tonitrua mutastis locavit liberioris inistra possedit. Learn More Explore &hellip;<\/p>\n<p class=\"read-more\"> <a class=\"\" href=\"https:\/\/websitedemos.net\/outdoor-adventure-01\/\"> <span class=\"screen-reader-text\">Home<\/span> Read More &raquo;<\/a><\/p>\n","protected":false},"author":1,"featured_media":0,"parent":0,"menu_order":0,"comment_status":"closed","ping_status":"closed","template":"","meta":{"om_disable_all_campaigns":false,"_mi_skip_tracking":false,"site-sidebar-layout":"no-sidebar","site-content-layout":"page-builder","ast-site-content-layout":"default","site-content-style":"default","site-sidebar-style":"default","ast-global-header-display":"","ast-banner-title-visibility":"","ast-main-header-display":"","ast-hfb-above-header-display":"","ast-hfb-below-header-display":"","ast-hfb-mobile-header-display":"","site-post-title":"disabled","ast-breadcrumbs-content":"","ast-featured-img":"disabled","footer-sml-layout":"","ast-disable-related-posts":"","theme-transparent-header-meta":"enabled","adv-header-id-meta":"","stick-header-meta":"","header-above-stick-meta":"","header-main-stick-meta":"","header-below-stick-meta":"","astra-migrate-meta-layouts":"default","ast-page-background-enabled":"default","ast-page-background-meta":{"desktop":{"background-color":"","background-image":"","background-repeat":"repeat","background-position":"center center","background-size":"auto","background-attachment":"scroll","background-type":"","background-media":"","overlay-type":"","overlay-color":"","overlay-opacity":"","overlay-gradient":""},"tablet":{"background-color":"","background-image":"","background-repeat":"repeat","background-position":"center center","background-size":"auto","background-attachment":"scroll","background-type":"","background-media":"","overlay-type":"","overlay-color":"","overlay-opacity":"","overlay-gradient":""},"mobile":{"background-color":"","background-image":"","background-repeat":"repeat","background-position":"center center","background-size":"auto","background-attachment":"scroll","background-type":"","background-media":"","overlay-type":"","overlay-color":"","overlay-opacity":"","overlay-gradient":""}},"ast-content-background-meta":{"desktop":{"background-color":"var(--ast-global-color-5)","background-image":"","background-repeat":"repeat","background-position":"center center","background-size":"auto","background-attachment":"scroll","background-type":"","background-media":"","overlay-type":"","overlay-color":"","overlay-opacity":"","overlay-gradient":""},"tablet":{"background-color":"var(--ast-global-color-5)","background-image":"","background-repeat":"repeat","background-position":"center center","background-size":"auto","background-attachment":"scroll","background-type":"","background-media":"","overlay-type":"","overlay-color":"","overlay-opacity":"","overlay-gradient":""},"mobile":{"background-color":"var(--ast-global-color-5)","background-image":"","background-repeat":"repeat","background-position":"center center","background-size":"auto","background-attachment":"scroll","background-type":"","background-media":"","overlay-type":"","overlay-color":"","overlay-opacity":"","overlay-gradient":""}},"footnotes":""},"class_list":["post-21","page","type-page","status-publish","hentry"],"yoast_head":"<!-- This site is optimized with the Yoast SEO plugin v27.0 - https:\/\/yoast.com\/product\/yoast-seo-wordpress\/ -->\n<title>METCON Industrial Ancud: Expertos en Soldaduras y Planchas de Zinc - metcon2<\/title>\n<meta name=\"robots\" content=\"index, follow, max-snippet:-1, max-image-preview:large, max-video-preview:-1\" \/>\n<link rel=\"canonical\" href=\"https:\/\/chiloe.digital\/metcon2\/\" \/>\n<meta property=\"og:locale\" content=\"es_ES\" \/>\n<meta property=\"og:type\" content=\"article\" \/>\n<meta property=\"og:title\" content=\"METCON Industrial Ancud: Expertos en Soldaduras y Planchas de Zinc - metcon2\" \/>\n<meta property=\"og:description\" content=\"Explore the Colourful World A Wonderful Gift Learn More &#8220;Fuerat aestu carentem habentia spectent tonitrua mutastis locavit liberioris.&#8221; &#8211; Adam Sendler Upcoming Events Everest Camp Trek Fuerat aestu carentem habentia spectent tonitrua mutastis locavit liberioris inistra possedit. Learn More Walking Holidays Fuerat aestu carentem habentia spectent tonitrua mutastis locavit liberioris inistra possedit. Learn More Explore &hellip;  Home Read More &raquo;\" \/>\n<meta property=\"og:url\" content=\"https:\/\/chiloe.digital\/metcon2\/\" \/>\n<meta property=\"og:site_name\" content=\"metcon2\" \/>\n<meta property=\"article:modified_time\" content=\"2023-11-03T08:17:34+00:00\" \/>\n<meta property=\"og:image\" content=\"https:\/\/chiloe.digital\/metcon2\/wp-content\/uploads\/sites\/42\/bb-plugin\/cache\/schwenke__real_photo_zinc_plates_roof_construction_4k_5e9d9cef-646f-4df0-9c45-b92c2f5f8ca4-circle.png\" \/>\n<meta name=\"twitter:card\" content=\"summary_large_image\" \/>\n<meta name=\"twitter:label1\" content=\"Tiempo de lectura\" \/>\n\t<meta name=\"twitter:data1\" content=\"1 minuto\" \/>\n<script type=\"application\/ld+json\" class=\"yoast-schema-graph\">{\"@context\":\"https:\/\/schema.org\",\"@graph\":[{\"@type\":\"WebPage\",\"@id\":\"https:\/\/chiloe.digital\/metcon2\/\",\"url\":\"https:\/\/chiloe.digital\/metcon2\/\",\"name\":\"METCON Industrial Ancud: Expertos en Soldaduras y Planchas de Zinc - metcon2\",\"isPartOf\":{\"@id\":\"https:\/\/chiloe.digital\/metcon2\/#website\"},\"primaryImageOfPage\":{\"@id\":\"https:\/\/chiloe.digital\/metcon2\/#primaryimage\"},\"image\":{\"@id\":\"https:\/\/chiloe.digital\/metcon2\/#primaryimage\"},\"thumbnailUrl\":\"https:\/\/chiloe.digital\/metcon2\/wp-content\/uploads\/sites\/42\/bb-plugin\/cache\/schwenke__real_photo_zinc_plates_roof_construction_4k_5e9d9cef-646f-4df0-9c45-b92c2f5f8ca4-circle.png\",\"datePublished\":\"2023-10-15T08:39:52+00:00\",\"dateModified\":\"2023-11-03T08:17:34+00:00\",\"breadcrumb\":{\"@id\":\"https:\/\/chiloe.digital\/metcon2\/#breadcrumb\"},\"inLanguage\":\"es\",\"potentialAction\":[{\"@type\":\"ReadAction\",\"target\":[\"https:\/\/chiloe.digital\/metcon2\/\"]}]},{\"@type\":\"ImageObject\",\"inLanguage\":\"es\",\"@id\":\"https:\/\/chiloe.digital\/metcon2\/#primaryimage\",\"url\":\"https:\/\/chiloe.digital\/metcon2\/wp-content\/uploads\/sites\/42\/bb-plugin\/cache\/schwenke__real_photo_zinc_plates_roof_construction_4k_5e9d9cef-646f-4df0-9c45-b92c2f5f8ca4-circle.png\",\"contentUrl\":\"https:\/\/chiloe.digital\/metcon2\/wp-content\/uploads\/sites\/42\/bb-plugin\/cache\/schwenke__real_photo_zinc_plates_roof_construction_4k_5e9d9cef-646f-4df0-9c45-b92c2f5f8ca4-circle.png\"},{\"@type\":\"BreadcrumbList\",\"@id\":\"https:\/\/chiloe.digital\/metcon2\/#breadcrumb\",\"itemListElement\":[{\"@type\":\"ListItem\",\"position\":1,\"name\":\"Portada\",\"item\":\"https:\/\/chiloe.digital\/metcon2\/\"},{\"@type\":\"ListItem\",\"position\":2,\"name\":\"METCON Industrial Ancud: Expertos en Soldaduras y Planchas de Zinc\"}]},{\"@type\":\"WebSite\",\"@id\":\"https:\/\/chiloe.digital\/metcon2\/#website\",\"url\":\"https:\/\/chiloe.digital\/metcon2\/\",\"name\":\"metcon2\",\"description\":\"\",\"publisher\":{\"@id\":\"https:\/\/chiloe.digital\/metcon2\/#organization\"},\"potentialAction\":[{\"@type\":\"SearchAction\",\"target\":{\"@type\":\"EntryPoint\",\"urlTemplate\":\"https:\/\/chiloe.digital\/metcon2\/?s={search_term_string}\"},\"query-input\":{\"@type\":\"PropertyValueSpecification\",\"valueRequired\":true,\"valueName\":\"search_term_string\"}}],\"inLanguage\":\"es\"},{\"@type\":\"Organization\",\"@id\":\"https:\/\/chiloe.digital\/metcon2\/#organization\",\"name\":\"metcon2\",\"url\":\"https:\/\/chiloe.digital\/metcon2\/\",\"logo\":{\"@type\":\"ImageObject\",\"inLanguage\":\"es\",\"@id\":\"https:\/\/chiloe.digital\/metcon2\/#\/schema\/logo\/image\/\",\"url\":\"https:\/\/chiloe.digital\/metcon2\/wp-content\/uploads\/sites\/42\/2020\/01\/logo.png\",\"contentUrl\":\"https:\/\/chiloe.digital\/metcon2\/wp-content\/uploads\/sites\/42\/2020\/01\/logo.png\",\"width\":250,\"height\":70,\"caption\":\"metcon2\"},\"image\":{\"@id\":\"https:\/\/chiloe.digital\/metcon2\/#\/schema\/logo\/image\/\"}}]}<\/script>\n<!-- \/ Yoast SEO plugin. -->","yoast_head_json":{"title":"METCON Industrial Ancud: Expertos en Soldaduras y Planchas de Zinc - metcon2","robots":{"index":"index","follow":"follow","max-snippet":"max-snippet:-1","max-image-preview":"max-image-preview:large","max-video-preview":"max-video-preview:-1"},"canonical":"https:\/\/chiloe.digital\/metcon2\/","og_locale":"es_ES","og_type":"article","og_title":"METCON Industrial Ancud: Expertos en Soldaduras y Planchas de Zinc - metcon2","og_description":"Explore the Colourful World A Wonderful Gift Learn More &#8220;Fuerat aestu carentem habentia spectent tonitrua mutastis locavit liberioris.&#8221; &#8211; Adam Sendler Upcoming Events Everest Camp Trek Fuerat aestu carentem habentia spectent tonitrua mutastis locavit liberioris inistra possedit. Learn More Walking Holidays Fuerat aestu carentem habentia spectent tonitrua mutastis locavit liberioris inistra possedit. Learn More Explore &hellip;  Home Read More &raquo;","og_url":"https:\/\/chiloe.digital\/metcon2\/","og_site_name":"metcon2","article_modified_time":"2023-11-03T08:17:34+00:00","og_image":[{"url":"https:\/\/chiloe.digital\/metcon2\/wp-content\/uploads\/sites\/42\/bb-plugin\/cache\/schwenke__real_photo_zinc_plates_roof_construction_4k_5e9d9cef-646f-4df0-9c45-b92c2f5f8ca4-circle.png","type":"","width":"","height":""}],"twitter_card":"summary_large_image","twitter_misc":{"Tiempo de lectura":"1 minuto"},"schema":{"@context":"https:\/\/schema.org","@graph":[{"@type":"WebPage","@id":"https:\/\/chiloe.digital\/metcon2\/","url":"https:\/\/chiloe.digital\/metcon2\/","name":"METCON Industrial Ancud: Expertos en Soldaduras y Planchas de Zinc - metcon2","isPartOf":{"@id":"https:\/\/chiloe.digital\/metcon2\/#website"},"primaryImageOfPage":{"@id":"https:\/\/chiloe.digital\/metcon2\/#primaryimage"},"image":{"@id":"https:\/\/chiloe.digital\/metcon2\/#primaryimage"},"thumbnailUrl":"https:\/\/chiloe.digital\/metcon2\/wp-content\/uploads\/sites\/42\/bb-plugin\/cache\/schwenke__real_photo_zinc_plates_roof_construction_4k_5e9d9cef-646f-4df0-9c45-b92c2f5f8ca4-circle.png","datePublished":"2023-10-15T08:39:52+00:00","dateModified":"2023-11-03T08:17:34+00:00","breadcrumb":{"@id":"https:\/\/chiloe.digital\/metcon2\/#breadcrumb"},"inLanguage":"es","potentialAction":[{"@type":"ReadAction","target":["https:\/\/chiloe.digital\/metcon2\/"]}]},{"@type":"ImageObject","inLanguage":"es","@id":"https:\/\/chiloe.digital\/metcon2\/#primaryimage","url":"https:\/\/chiloe.digital\/metcon2\/wp-content\/uploads\/sites\/42\/bb-plugin\/cache\/schwenke__real_photo_zinc_plates_roof_construction_4k_5e9d9cef-646f-4df0-9c45-b92c2f5f8ca4-circle.png","contentUrl":"https:\/\/chiloe.digital\/metcon2\/wp-content\/uploads\/sites\/42\/bb-plugin\/cache\/schwenke__real_photo_zinc_plates_roof_construction_4k_5e9d9cef-646f-4df0-9c45-b92c2f5f8ca4-circle.png"},{"@type":"BreadcrumbList","@id":"https:\/\/chiloe.digital\/metcon2\/#breadcrumb","itemListElement":[{"@type":"ListItem","position":1,"name":"Portada","item":"https:\/\/chiloe.digital\/metcon2\/"},{"@type":"ListItem","position":2,"name":"METCON Industrial Ancud: Expertos en Soldaduras y Planchas de Zinc"}]},{"@type":"WebSite","@id":"https:\/\/chiloe.digital\/metcon2\/#website","url":"https:\/\/chiloe.digital\/metcon2\/","name":"metcon2","description":"","publisher":{"@id":"https:\/\/chiloe.digital\/metcon2\/#organization"},"potentialAction":[{"@type":"SearchAction","target":{"@type":"EntryPoint","urlTemplate":"https:\/\/chiloe.digital\/metcon2\/?s={search_term_string}"},"query-input":{"@type":"PropertyValueSpecification","valueRequired":true,"valueName":"search_term_string"}}],"inLanguage":"es"},{"@type":"Organization","@id":"https:\/\/chiloe.digital\/metcon2\/#organization","name":"metcon2","url":"https:\/\/chiloe.digital\/metcon2\/","logo":{"@type":"ImageObject","inLanguage":"es","@id":"https:\/\/chiloe.digital\/metcon2\/#\/schema\/logo\/image\/","url":"https:\/\/chiloe.digital\/metcon2\/wp-content\/uploads\/sites\/42\/2020\/01\/logo.png","contentUrl":"https:\/\/chiloe.digital\/metcon2\/wp-content\/uploads\/sites\/42\/2020\/01\/logo.png","width":250,"height":70,"caption":"metcon2"},"image":{"@id":"https:\/\/chiloe.digital\/metcon2\/#\/schema\/logo\/image\/"}}]}},"_links":{"self":[{"href":"https:\/\/chiloe.digital\/metcon2\/wp-json\/wp\/v2\/pages\/21","targetHints":{"allow":["GET"]}}],"collection":[{"href":"https:\/\/chiloe.digital\/metcon2\/wp-json\/wp\/v2\/pages"}],"about":[{"href":"https:\/\/chiloe.digital\/metcon2\/wp-json\/wp\/v2\/types\/page"}],"author":[{"embeddable":true,"href":"https:\/\/chiloe.digital\/metcon2\/wp-json\/wp\/v2\/users\/1"}],"replies":[{"embeddable":true,"href":"https:\/\/chiloe.digital\/metcon2\/wp-json\/wp\/v2\/comments?post=21"}],"version-history":[{"count":13,"href":"https:\/\/chiloe.digital\/metcon2\/wp-json\/wp\/v2\/pages\/21\/revisions"}],"predecessor-version":[{"id":540,"href":"https:\/\/chiloe.digital\/metcon2\/wp-json\/wp\/v2\/pages\/21\/revisions\/540"}],"wp:attachment":[{"href":"https:\/\/chiloe.digital\/metcon2\/wp-json\/wp\/v2\/media?parent=21"}],"curies":[{"name":"wp","href":"https:\/\/api.w.org\/{rel}","templated":true}]}}