{"id":86,"date":"2018-10-09T09:14:55","date_gmt":"2018-10-09T09:14:55","guid":{"rendered":"https:\/\/chiloe.digital\/rutapatrimonialguaitecas\/home\/"},"modified":"2022-10-17T08:54:08","modified_gmt":"2022-10-17T08:54:08","slug":"home","status":"publish","type":"page","link":"https:\/\/chiloe.digital\/rutapatrimonialguaitecas\/","title":{"rendered":"Home"},"content":{"rendered":"\n\n\t<h1>RUTA<\/h1>\n<h1>PATRIMONIAL<\/h1>\n<h1>GUAITECAS<\/h1>\n\t<ul>\n\t\t<li>\t\t\t\t\n\t\t<h3><\/h3><\/li>\t<\/ul>\n\t<h5>Te damos la bienvenida a la Ruta Patrimonial Guaitecas, la m\u00e1s completa gu\u00eda tur\u00edstica de nuestro bello archipi\u00e9lago<\/h5>\n<h5>Aqu\u00ed encontrar\u00e1s toda la informaci\u00f3n que necesitas sobre qu\u00e9 ver, a que lugares visitar y d\u00f3nde ir en las Guaitecas. Desde la plaza hasta los miradores, todo te sorprender\u00e1<\/h5>\n\t<h4>\n\t\t\t\tMapa de atracciones\n\t\t\t<\/h4>\n\t\t\t<p>Revisa nuestro mapa donde encontraras todos los hitos y atracciones de la Ruta Patrimonial Guaitecas<\/p>\t\n\t\t\t<a href=\"https:\/\/chiloe.digital\/rutapatrimonialguaitecas\/mapa\/\" target=\"_self\" role=\"button\" aria-label=\"Ver Mapa\" rel=\"noopener\">\n\t\t\t\t\t\t\tVer Mapa\n\t\t<\/a>\n\t<h4>\n\t\t\t\tHospedajes y Residenciales\n\t\t\t<\/h4>\n\t\t\t<p>Encuentra aqui todas las opciones para tu estancia en Guaitecas, precios para todos los bolsillos.<\/p>\t\n\t\t\t<a href=\"https:\/\/chiloe.digital\/rutapatrimonialguaitecas\/hospedaje\/\" target=\"_self\" role=\"button\" aria-label=\"Ver hospedajes\" rel=\"noopener\">\n\t\t\t\t\t\t\tVer hospedajes\n\t\t<\/a>\n\t<h1>\n\t\t\t\tPlaza de Melinka\n\t\t\t<\/h1>\n\tLa plaza es el punto central de Melinka y se encuentra a pocos metros del muelle . En ella podemos encontrar la famosa escultura de la sirena, as\u00ed como un mural de los tesoros humanos vivos de la comuna. Desde este punto se puede apreciar la bah\u00eda de Melinka as\u00ed como algunas islas que componen el archipi\u00e9lago de las Guaitecas. A un costado de la plaza se encuentra la iglesia San Pedro, la cual presenta una clara influencia chilota en su arquitectura.\n<h4>\n\t\t<a href=\"m\" title=\"mira la galer\u00eda\" target=\"_self\" rel=\"noopener\">\n\t\tmira la galer\u00eda\n\t\t<\/a>\n\t<\/h4>\n\t\t\t<a href=\"https:\/\/chiloe.digital\/rutapatrimonialguaitecas\/mapa\/\" target=\"_self\" role=\"button\" aria-label=\"Ver Mapa\" rel=\"noopener\">\n\t\t\t\t\t\t\tVer Mapa\n\t\t<\/a>\n\t<h1>\n\t\t\t\tAvistamiento de fauna marina\n\t\t\t<\/h1>\n\tAl estar cerca del golfo Corcovado siendo este un reconocido como un punto importante de alimentaci\u00f3n, es que se pueden avistar varias especies de cet\u00e1ceos, entre las que se encuentren ballenas azules (Balaenoptera musculus), Jorobadas (Megaptera Novaeangliae) y Sei (Balaenoptera boreales), adem\u00e1s de algunos delfines como el delf\u00edn chileno (Cephalorhynchus eutropia), el Delf\u00edn austral (Lagenorhynchus Australis) y el Tursi\u00f3n (Tursiops truncatus). Adem\u00e1s podemos ver comunidades de lobos marinos, finjo austral (Arctocephalus Australis) y com\u00fan (Otaria flavescen). Junto a los mam\u00edferos que se puede divisar, tambi\u00e9n podemos encontrar una variedad de avifauna marina como diversos tipos de Cormoranes, albatros y gaviotas.\nDentro de la ruta mar\u00edtima de avistamiento de fauna, tambi\u00e9n podemos encontrar en las islas cercanas a Melinka, la Roca de \u00d1ancupel, famoso pirata que habitaba las costas del Archipi\u00e9lago de las Guaitecas.\n<h4>\n\t\t<a href=\"m\" title=\"mira la galer\u00eda\" target=\"_self\" rel=\"noopener\">\n\t\tmira la galer\u00eda\n\t\t<\/a>\n\t<\/h4>\n\t\t\t<a href=\"https:\/\/chiloe.digital\/rutapatrimonialguaitecas\/mapa\/\" target=\"_self\" role=\"button\" aria-label=\"Ver Mapa\" rel=\"noopener\">\n\t\t\t\t\t\t\tVer Mapa\n\t\t<\/a>\n\t<h1>\n\t\t\t\tMuelle\n\t\t\t<\/h1>\n\tEl muelle de Melinka es el punto de partida de la ruta para conocer la comuna. Es el punto de conexi\u00f3n entre la comuna de Guaitecas con el resto de Chile en conjunto con el aer\u00f3dromo, pero el muelle es el principal punto, siendo el m\u00e1s masivo. A este lugar llega la barcaza proveniente desde Quell\u00f3n (5 horas de navegaci\u00f3n aproximadamente) o de otro puerto de la regi\u00f3n de Ays\u00e9n (el tiempo de navegaci\u00f3n depende del puerto de embarque). El muelle se encuentra a minutos caminando de la plaza y la mayor\u00eda de los hospedajes se encuentran cercanos a \u00e9l.\n<h4>\n\t\t<a href=\"m\" title=\"mira la galer\u00eda\" target=\"_self\" rel=\"noopener\">\n\t\tmira la galer\u00eda\n\t\t<\/a>\n\t<\/h4>\n\t\t\t<a href=\"https:\/\/chiloe.digital\/rutapatrimonialguaitecas\/mapa\/\" target=\"_self\" role=\"button\" aria-label=\"Ver Mapa\" rel=\"noopener\">\n\t\t\t\t\t\t\tVer Mapa\n\t\t<\/a>\n\t<h1>\n\t\t\t\tRepollal\n\t\t\t<\/h1>\n\tRepollal es una localidad esencialmente rural de la comuna de Guaitecas y es junto a Melinka, los \u00fanicos dos lugares poblados de la comuna. Se encuentra a 15 kil\u00f3metros al oeste de Melinka, en la isla Ascensi\u00f3n y se divide en tres sectores: Repollal Alto, Repollal Medio y Repollal Bajo. Para llegar hasta el sector, existe un camino que conecta Melinka-Repollal que est\u00e1 en relativa buenas condiciones que permite llegar con cualquier veh\u00edculo a la localidad, adem\u00e1s de existir locomoci\u00f3n colectiva desde Melinka, a menos de 30 minutos en veh\u00edculo.\nSeg\u00fan diversas fuentes, la localidad habr\u00eda lugar de asentamiento de trabajadores temporales que llegaban hasta las islas del archipi\u00e9lago en los distintos periodos de explotaci\u00f3n de recursos marinos y de bosque nativo, motivo por el cual contiene una importancia hist\u00f3rica de significancia.\nLos asentamientos hist\u00f3ricos del sector est\u00e1n dados, principalmente, por su ubicaci\u00f3n geogr\u00e1fica estrat\u00e9gica, debido a que se emplaza en una zona de resguardo de los fuertes vientos mar\u00edtimos, dentro del canal Putiquin. Posee interesantes lugares que visitar y disfrutar, particularmente como mirador del canal Putiquin y gran parte de la isla Asenci\u00f3n y Gran Guaiteca, mediante caminatas sin mayor esfuerzo hacia las zonas aleda\u00f1as. El canal Putiqu\u00edn, que separa isla Ascenci\u00f3n e isla gran Guaitecas y ba\u00f1a la costa, es un sitio de tr\u00e1nsito de milenios, habiendo sido ruta de tr\u00e1nsito constante de los pueblos canoeros que habitaron los archipi\u00e9lagos del sur de Chile.\nDentro del mismo canal se encuentra la animita del ni\u00f1o Agust\u00edn Ma\u00f1ao, lugar de peregrinaci\u00f3n dentro de la comunidad, la cual cuenta que habr\u00eda sido v\u00edctima de naufragio junto a su familia en un viaje entre Chilo\u00e9 y Melinka que, buscando refugio de una tormenta, habr\u00edan encallado en las rocas de la costa, en la segunda mitad del siglo XX.\nOtro punto central dentro de los atractivos de Repollal es sin dudas la vegetaci\u00f3n que la habita. Esta se caracteriza por tener gran presencia de vegetaci\u00f3n baja, como arbustos, helechos, l\u00edquenes y nalcas. Pasando la l\u00ednea de la costa podemos encontrar especies de mayor tama\u00f1o como Coihues, Lengas, Lumas y Tepus, adem\u00e1s de Ma\u00f1\u00edos y Cipreses de las Guaitecas.\n\n<h4>\n\t\t<a href=\"m\" title=\"mira la galer\u00eda\" target=\"_self\" rel=\"noopener\">\n\t\tmira la galer\u00eda\n\t\t<\/a>\n\t<\/h4>\n\t\t\t<a href=\"https:\/\/chiloe.digital\/rutapatrimonialguaitecas\/mapa\/\" target=\"_self\" role=\"button\" aria-label=\"Ver Mapa\" rel=\"noopener\">\n\t\t\t\t\t\t\tVer Mapa\n\t\t<\/a>\n\t<h1>\n\t\t\t\tMirador de ballenas\n\t\t\t<\/h1>\n\tEl mirador se emplaza en el sector de las antenas, lo cual permite tener una vista privilegiada de Melinka y de la bah\u00eda, revelando la gran belleza paisaj\u00edstica que posee la comuna. Se accede por un sendero de f\u00e1cil caminata\n<h4>\n\t\t<a href=\"m\" title=\"mira la galer\u00eda\" target=\"_self\" rel=\"noopener\">\n\t\tmira la galer\u00eda\n\t\t<\/a>\n\t<\/h4>\n\t\t\t<a href=\"https:\/\/chiloe.digital\/rutapatrimonialguaitecas\/mapa\/\" target=\"_self\" role=\"button\" aria-label=\"Ver Mapa\" rel=\"noopener\">\n\t\t\t\t\t\t\tVer Mapa\n\t\t<\/a>\n\t<h2>\n\t\t\t\tRuta Patrimonial Guaitecas es un proyecto de\n\t\t\t<\/h2>\n\t\t\t\t\t\t\t<img decoding=\"async\" src=\"http:\/\/chiloe.digital\/rutapatrimonialguaitecas\/wp-content\/uploads\/sites\/31\/2022\/09\/cropped-logoTrans-1.png\" alt=\"http:\/\/chiloe.digital\/rutapatrimonialguaitecas\/wp-content\/uploads\/sites\/31\/2022\/09\/cropped-logoTrans-1.png\" data-no-lazy=\"1\" \/>\n\t\t\t\t\t\t\t<img decoding=\"async\" src=\"http:\/\/chiloe.digital\/rutapatrimonialguaitecas\/wp-content\/uploads\/sites\/31\/2022\/09\/logo-sernatur-AYSEN.png\" alt=\"http:\/\/chiloe.digital\/rutapatrimonialguaitecas\/wp-content\/uploads\/sites\/31\/2022\/09\/logo-sernatur-AYSEN.png\" data-no-lazy=\"1\" \/>\n\t\t\t\t\t\t\t<img decoding=\"async\" src=\"http:\/\/chiloe.digital\/rutapatrimonialguaitecas\/wp-content\/uploads\/sites\/31\/2022\/09\/gore-01.png\" alt=\"http:\/\/chiloe.digital\/rutapatrimonialguaitecas\/wp-content\/uploads\/sites\/31\/2022\/09\/gore-01.png\" data-no-lazy=\"1\" \/>\n\t\t\t\t\t\t\t<img decoding=\"async\" src=\"http:\/\/chiloe.digital\/rutapatrimonialguaitecas\/wp-content\/uploads\/sites\/31\/2022\/09\/Aysen-Patagonia-Chile-white.png\" alt=\"http:\/\/chiloe.digital\/rutapatrimonialguaitecas\/wp-content\/uploads\/sites\/31\/2022\/09\/Aysen-Patagonia-Chile-white.png\" data-no-lazy=\"1\" \/>\n\t\t\t\t\t\t\t<img decoding=\"async\" src=\"http:\/\/chiloe.digital\/rutapatrimonialguaitecas\/wp-content\/uploads\/sites\/31\/2022\/10\/Logotipo-Consultores-La-Estancia.jpg\" alt=\"http:\/\/chiloe.digital\/rutapatrimonialguaitecas\/wp-content\/uploads\/sites\/31\/2022\/10\/Logotipo-Consultores-La-Estancia.jpg\" data-no-lazy=\"1\" \/>\n\t<h5>Ante cualquier duda o consulta no dudes en ponerte en contacto con nosotros.<\/h5>\n\t\t\t<a href=\"mailto:partes@muniguaitecas.cl\" target=\"_self\" role=\"button\" aria-label=\"Contacto\" rel=\"noopener\">\n\t\t\t\t\t\t\tContacto\n\t\t<\/a>\n\t<h6>\n\t\t\t\to llamanos al\n\t\t\t<\/h6>\n\t<h3>\n\t\t\t\t(67) 2431697\n\t\t\t<\/h3>\n\n","protected":false},"excerpt":{"rendered":"<p>RUTA PATRIMONIAL GUAITECAS Te damos la bienvenida a la Ruta Patrimonial Guaitecas, la m\u00e1s completa gu\u00eda tur\u00edstica de nuestro bello archipi\u00e9lago Aqu\u00ed encontrar\u00e1s toda la informaci\u00f3n que necesitas sobre qu\u00e9 ver, a que lugares visitar y d\u00f3nde ir en las Guaitecas. Desde la plaza hasta los miradores, todo te sorprender\u00e1 Mapa de atracciones Revisa nuestro [&hellip;]<\/p>\n","protected":false},"author":1,"featured_media":0,"parent":0,"menu_order":0,"comment_status":"closed","ping_status":"closed","template":"","meta":{"om_disable_all_campaigns":false,"_mi_skip_tracking":false,"site-sidebar-layout":"no-sidebar","site-content-layout":"page-builder","ast-site-content-layout":"default","site-content-style":"default","site-sidebar-style":"default","ast-global-header-display":"","ast-banner-title-visibility":"","ast-main-header-display":"","ast-hfb-above-header-display":"","ast-hfb-below-header-display":"","ast-hfb-mobile-header-display":"","site-post-title":"disabled","ast-breadcrumbs-content":"","ast-featured-img":"disabled","footer-sml-layout":"","ast-disable-related-posts":"","theme-transparent-header-meta":"default","adv-header-id-meta":"","stick-header-meta":"","header-above-stick-meta":"","header-main-stick-meta":"","header-below-stick-meta":"","astra-migrate-meta-layouts":"default","ast-page-background-enabled":"default","ast-page-background-meta":{"desktop":{"background-color":"","background-image":"","background-repeat":"repeat","background-position":"center center","background-size":"auto","background-attachment":"scroll","background-type":"","background-media":"","overlay-type":"","overlay-color":"","overlay-opacity":"","overlay-gradient":""},"tablet":{"background-color":"","background-image":"","background-repeat":"repeat","background-position":"center center","background-size":"auto","background-attachment":"scroll","background-type":"","background-media":"","overlay-type":"","overlay-color":"","overlay-opacity":"","overlay-gradient":""},"mobile":{"background-color":"","background-image":"","background-repeat":"repeat","background-position":"center center","background-size":"auto","background-attachment":"scroll","background-type":"","background-media":"","overlay-type":"","overlay-color":"","overlay-opacity":"","overlay-gradient":""}},"ast-content-background-meta":{"desktop":{"background-color":"var(--ast-global-color-5)","background-image":"","background-repeat":"repeat","background-position":"center center","background-size":"auto","background-attachment":"scroll","background-type":"","background-media":"","overlay-type":"","overlay-color":"","overlay-opacity":"","overlay-gradient":""},"tablet":{"background-color":"var(--ast-global-color-5)","background-image":"","background-repeat":"repeat","background-position":"center center","background-size":"auto","background-attachment":"scroll","background-type":"","background-media":"","overlay-type":"","overlay-color":"","overlay-opacity":"","overlay-gradient":""},"mobile":{"background-color":"var(--ast-global-color-5)","background-image":"","background-repeat":"repeat","background-position":"center center","background-size":"auto","background-attachment":"scroll","background-type":"","background-media":"","overlay-type":"","overlay-color":"","overlay-opacity":"","overlay-gradient":""}},"footnotes":""},"class_list":["post-86","page","type-page","status-publish","hentry"],"yoast_head":"<!-- This site is optimized with the Yoast SEO plugin v27.0 - https:\/\/yoast.com\/product\/yoast-seo-wordpress\/ -->\n<title>Home - Ruta Patrimonial Guaitecas<\/title>\n<meta name=\"robots\" content=\"index, follow, max-snippet:-1, max-image-preview:large, max-video-preview:-1\" \/>\n<link rel=\"canonical\" href=\"https:\/\/chiloe.digital\/rutapatrimonialguaitecas\/\" \/>\n<meta property=\"og:locale\" content=\"es_ES\" \/>\n<meta property=\"og:type\" content=\"article\" \/>\n<meta property=\"og:title\" content=\"Home - Ruta Patrimonial Guaitecas\" \/>\n<meta property=\"og:description\" content=\"RUTA PATRIMONIAL GUAITECAS Te damos la bienvenida a la Ruta Patrimonial Guaitecas, la m\u00e1s completa gu\u00eda tur\u00edstica de nuestro bello archipi\u00e9lago Aqu\u00ed encontrar\u00e1s toda la informaci\u00f3n que necesitas sobre qu\u00e9 ver, a que lugares visitar y d\u00f3nde ir en las Guaitecas. Desde la plaza hasta los miradores, todo te sorprender\u00e1 Mapa de atracciones Revisa nuestro [&hellip;]\" \/>\n<meta property=\"og:url\" content=\"https:\/\/chiloe.digital\/rutapatrimonialguaitecas\/\" \/>\n<meta property=\"og:site_name\" content=\"Ruta Patrimonial Guaitecas\" \/>\n<meta property=\"article:modified_time\" content=\"2022-10-17T08:54:08+00:00\" \/>\n<meta property=\"og:image\" content=\"http:\/\/chiloe.digital\/rutapatrimonialguaitecas\/wp-content\/uploads\/sites\/31\/2022\/09\/cropped-logoTrans-1.png\" \/>\n<meta name=\"twitter:card\" content=\"summary_large_image\" \/>\n<meta name=\"twitter:label1\" content=\"Tiempo de lectura\" \/>\n\t<meta name=\"twitter:data1\" content=\"5 minutos\" \/>\n<script type=\"application\/ld+json\" class=\"yoast-schema-graph\">{\"@context\":\"https:\/\/schema.org\",\"@graph\":[{\"@type\":\"WebPage\",\"@id\":\"https:\/\/chiloe.digital\/rutapatrimonialguaitecas\/\",\"url\":\"https:\/\/chiloe.digital\/rutapatrimonialguaitecas\/\",\"name\":\"Home - Ruta Patrimonial Guaitecas\",\"isPartOf\":{\"@id\":\"https:\/\/chiloe.digital\/rutapatrimonialguaitecas\/#website\"},\"primaryImageOfPage\":{\"@id\":\"https:\/\/chiloe.digital\/rutapatrimonialguaitecas\/#primaryimage\"},\"image\":{\"@id\":\"https:\/\/chiloe.digital\/rutapatrimonialguaitecas\/#primaryimage\"},\"thumbnailUrl\":\"http:\/\/chiloe.digital\/rutapatrimonialguaitecas\/wp-content\/uploads\/sites\/31\/2022\/09\/cropped-logoTrans-1.png\",\"datePublished\":\"2018-10-09T09:14:55+00:00\",\"dateModified\":\"2022-10-17T08:54:08+00:00\",\"breadcrumb\":{\"@id\":\"https:\/\/chiloe.digital\/rutapatrimonialguaitecas\/#breadcrumb\"},\"inLanguage\":\"es\",\"potentialAction\":[{\"@type\":\"ReadAction\",\"target\":[\"https:\/\/chiloe.digital\/rutapatrimonialguaitecas\/\"]}]},{\"@type\":\"ImageObject\",\"inLanguage\":\"es\",\"@id\":\"https:\/\/chiloe.digital\/rutapatrimonialguaitecas\/#primaryimage\",\"url\":\"https:\/\/chiloe.digital\/rutapatrimonialguaitecas\/wp-content\/uploads\/sites\/31\/2022\/09\/cropped-logoTrans-1.png\",\"contentUrl\":\"https:\/\/chiloe.digital\/rutapatrimonialguaitecas\/wp-content\/uploads\/sites\/31\/2022\/09\/cropped-logoTrans-1.png\",\"width\":146,\"height\":230},{\"@type\":\"BreadcrumbList\",\"@id\":\"https:\/\/chiloe.digital\/rutapatrimonialguaitecas\/#breadcrumb\",\"itemListElement\":[{\"@type\":\"ListItem\",\"position\":1,\"name\":\"Portada\",\"item\":\"https:\/\/chiloe.digital\/rutapatrimonialguaitecas\/\"},{\"@type\":\"ListItem\",\"position\":2,\"name\":\"Home\"}]},{\"@type\":\"WebSite\",\"@id\":\"https:\/\/chiloe.digital\/rutapatrimonialguaitecas\/#website\",\"url\":\"https:\/\/chiloe.digital\/rutapatrimonialguaitecas\/\",\"name\":\"Ruta Patrimonial Guaitecas\",\"description\":\"\",\"potentialAction\":[{\"@type\":\"SearchAction\",\"target\":{\"@type\":\"EntryPoint\",\"urlTemplate\":\"https:\/\/chiloe.digital\/rutapatrimonialguaitecas\/?s={search_term_string}\"},\"query-input\":{\"@type\":\"PropertyValueSpecification\",\"valueRequired\":true,\"valueName\":\"search_term_string\"}}],\"inLanguage\":\"es\"}]}<\/script>\n<!-- \/ Yoast SEO plugin. -->","yoast_head_json":{"title":"Home - Ruta Patrimonial Guaitecas","robots":{"index":"index","follow":"follow","max-snippet":"max-snippet:-1","max-image-preview":"max-image-preview:large","max-video-preview":"max-video-preview:-1"},"canonical":"https:\/\/chiloe.digital\/rutapatrimonialguaitecas\/","og_locale":"es_ES","og_type":"article","og_title":"Home - Ruta Patrimonial Guaitecas","og_description":"RUTA PATRIMONIAL GUAITECAS Te damos la bienvenida a la Ruta Patrimonial Guaitecas, la m\u00e1s completa gu\u00eda tur\u00edstica de nuestro bello archipi\u00e9lago Aqu\u00ed encontrar\u00e1s toda la informaci\u00f3n que necesitas sobre qu\u00e9 ver, a que lugares visitar y d\u00f3nde ir en las Guaitecas. Desde la plaza hasta los miradores, todo te sorprender\u00e1 Mapa de atracciones Revisa nuestro [&hellip;]","og_url":"https:\/\/chiloe.digital\/rutapatrimonialguaitecas\/","og_site_name":"Ruta Patrimonial Guaitecas","article_modified_time":"2022-10-17T08:54:08+00:00","og_image":[{"url":"http:\/\/chiloe.digital\/rutapatrimonialguaitecas\/wp-content\/uploads\/sites\/31\/2022\/09\/cropped-logoTrans-1.png","type":"","width":"","height":""}],"twitter_card":"summary_large_image","twitter_misc":{"Tiempo de lectura":"5 minutos"},"schema":{"@context":"https:\/\/schema.org","@graph":[{"@type":"WebPage","@id":"https:\/\/chiloe.digital\/rutapatrimonialguaitecas\/","url":"https:\/\/chiloe.digital\/rutapatrimonialguaitecas\/","name":"Home - Ruta Patrimonial Guaitecas","isPartOf":{"@id":"https:\/\/chiloe.digital\/rutapatrimonialguaitecas\/#website"},"primaryImageOfPage":{"@id":"https:\/\/chiloe.digital\/rutapatrimonialguaitecas\/#primaryimage"},"image":{"@id":"https:\/\/chiloe.digital\/rutapatrimonialguaitecas\/#primaryimage"},"thumbnailUrl":"http:\/\/chiloe.digital\/rutapatrimonialguaitecas\/wp-content\/uploads\/sites\/31\/2022\/09\/cropped-logoTrans-1.png","datePublished":"2018-10-09T09:14:55+00:00","dateModified":"2022-10-17T08:54:08+00:00","breadcrumb":{"@id":"https:\/\/chiloe.digital\/rutapatrimonialguaitecas\/#breadcrumb"},"inLanguage":"es","potentialAction":[{"@type":"ReadAction","target":["https:\/\/chiloe.digital\/rutapatrimonialguaitecas\/"]}]},{"@type":"ImageObject","inLanguage":"es","@id":"https:\/\/chiloe.digital\/rutapatrimonialguaitecas\/#primaryimage","url":"https:\/\/chiloe.digital\/rutapatrimonialguaitecas\/wp-content\/uploads\/sites\/31\/2022\/09\/cropped-logoTrans-1.png","contentUrl":"https:\/\/chiloe.digital\/rutapatrimonialguaitecas\/wp-content\/uploads\/sites\/31\/2022\/09\/cropped-logoTrans-1.png","width":146,"height":230},{"@type":"BreadcrumbList","@id":"https:\/\/chiloe.digital\/rutapatrimonialguaitecas\/#breadcrumb","itemListElement":[{"@type":"ListItem","position":1,"name":"Portada","item":"https:\/\/chiloe.digital\/rutapatrimonialguaitecas\/"},{"@type":"ListItem","position":2,"name":"Home"}]},{"@type":"WebSite","@id":"https:\/\/chiloe.digital\/rutapatrimonialguaitecas\/#website","url":"https:\/\/chiloe.digital\/rutapatrimonialguaitecas\/","name":"Ruta Patrimonial Guaitecas","description":"","potentialAction":[{"@type":"SearchAction","target":{"@type":"EntryPoint","urlTemplate":"https:\/\/chiloe.digital\/rutapatrimonialguaitecas\/?s={search_term_string}"},"query-input":{"@type":"PropertyValueSpecification","valueRequired":true,"valueName":"search_term_string"}}],"inLanguage":"es"}]}},"_links":{"self":[{"href":"https:\/\/chiloe.digital\/rutapatrimonialguaitecas\/wp-json\/wp\/v2\/pages\/86","targetHints":{"allow":["GET"]}}],"collection":[{"href":"https:\/\/chiloe.digital\/rutapatrimonialguaitecas\/wp-json\/wp\/v2\/pages"}],"about":[{"href":"https:\/\/chiloe.digital\/rutapatrimonialguaitecas\/wp-json\/wp\/v2\/types\/page"}],"author":[{"embeddable":true,"href":"https:\/\/chiloe.digital\/rutapatrimonialguaitecas\/wp-json\/wp\/v2\/users\/1"}],"replies":[{"embeddable":true,"href":"https:\/\/chiloe.digital\/rutapatrimonialguaitecas\/wp-json\/wp\/v2\/comments?post=86"}],"version-history":[{"count":53,"href":"https:\/\/chiloe.digital\/rutapatrimonialguaitecas\/wp-json\/wp\/v2\/pages\/86\/revisions"}],"predecessor-version":[{"id":529,"href":"https:\/\/chiloe.digital\/rutapatrimonialguaitecas\/wp-json\/wp\/v2\/pages\/86\/revisions\/529"}],"wp:attachment":[{"href":"https:\/\/chiloe.digital\/rutapatrimonialguaitecas\/wp-json\/wp\/v2\/media?parent=86"}],"curies":[{"name":"wp","href":"https:\/\/api.w.org\/{rel}","templated":true}]}}